{"id":1644,"date":"2025-08-24T22:42:34","date_gmt":"2025-08-24T22:42:34","guid":{"rendered":"https:\/\/garitasinsurance.com\/?page_id=1644"},"modified":"2025-08-25T05:57:40","modified_gmt":"2025-08-25T05:57:40","slug":"privacy-policy-2","status":"publish","type":"page","link":"https:\/\/garitasinsurance.com\/es\/privacy-policy-2\/","title":{"rendered":"Pol\u00edtica de privacidad"},"content":{"rendered":"<div data-elementor-type=\"wp-page\" data-elementor-id=\"1644\" class=\"elementor elementor-1644\">\n\t\t\t\t<div class=\"elementor-element elementor-element-26fee051 e-flex e-con-boxed e-con e-parent\" data-id=\"26fee051\" data-element_type=\"container\" data-e-type=\"container\" data-settings=\"{&quot;background_background&quot;:&quot;classic&quot;}\">\n\t\t\t\t\t<div class=\"e-con-inner\">\n\t\t\t\t<div class=\"elementor-element elementor-element-a19c60f elementor-widget elementor-widget-heading\" data-id=\"a19c60f\" data-element_type=\"widget\" data-e-type=\"widget\" data-widget_type=\"heading.default\">\n\t\t\t\t\t<h2 class=\"elementor-heading-title elementor-size-default\">Pol\u00edtica de privacidad\n<\/h2>\t\t\t\t<\/div>\n\t\t\t\t<div class=\"elementor-element elementor-element-8cc7d83 elementor-icon-list--layout-inline elementor-list-item-link-full_width elementor-widget elementor-widget-icon-list\" data-id=\"8cc7d83\" data-element_type=\"widget\" data-e-type=\"widget\" data-widget_type=\"icon-list.default\">\n\t\t\t\t\t\t\t<ul class=\"elementor-icon-list-items elementor-inline-items\">\n\t\t\t\t\t\t\t<li class=\"elementor-icon-list-item elementor-inline-item\">\n\t\t\t\t\t\t\t\t\t\t\t<a href=\"https:\/\/garitasinsurance.com\/es\/home\/\">\n\n\t\t\t\t\t\t\t\t\t\t\t<span class=\"elementor-icon-list-text\">Inicio <\/span>\n\t\t\t\t\t\t\t\t\t\t\t<\/a>\n\t\t\t\t\t\t\t\t\t<\/li>\n\t\t\t\t\t\t\t\t<li class=\"elementor-icon-list-item elementor-inline-item\">\n\t\t\t\t\t\t\t\t\t\t\t<a href=\"https:\/\/garitasinsurance.com\/es\/privacy-policy-2\/\">\n\n\t\t\t\t\t\t\t\t\t\t\t\t<span class=\"elementor-icon-list-icon\">\n\t\t\t\t\t\t\t<i aria-hidden=\"true\" class=\"jki jki-arrow-right-solid\"><\/i>\t\t\t\t\t\t<\/span>\n\t\t\t\t\t\t\t\t\t\t<span class=\"elementor-icon-list-text\">Pol\u00edtica de privacidad<\/span>\n\t\t\t\t\t\t\t\t\t\t\t<\/a>\n\t\t\t\t\t\t\t\t\t<\/li>\n\t\t\t\t\t\t<\/ul>\n\t\t\t\t\t\t<\/div>\n\t\t\t\t\t<\/div>\n\t\t\t\t<\/div>\n\t\t<div class=\"elementor-element elementor-element-3a10cdb3 e-flex e-con-boxed e-con e-parent\" data-id=\"3a10cdb3\" data-element_type=\"container\" data-e-type=\"container\">\n\t\t\t\t\t<div class=\"e-con-inner\">\n\t\t\t\t<div class=\"elementor-element elementor-element-047e104 elementor-widget elementor-widget-text-editor\" data-id=\"047e104\" data-element_type=\"widget\" data-e-type=\"widget\" data-widget_type=\"text-editor.default\">\n\t\t\t\t\t\t\t\t\t<h5><b>Pol\u00edtica de privacidad<\/b><\/h5><p><span style=\"font-weight: 400;\">Esta Pol\u00edtica de Privacidad describe c\u00f3mo Garitas Insurance Group Inc. (\"Garitas Insurance\") recopila, utiliza, mantiene y divulga la informaci\u00f3n obtenida de los usuarios de garitasinsurance.com. La pol\u00edtica se aplica al sitio web y a todos los productos y servicios ofrecidos por Garitas Insurance Group Inc.<\/span><span style=\"font-weight: 400;\"><br \/><br \/><\/span><\/p><h5><b>Recogida de informaci\u00f3n personal<\/b><\/h5><p><span style=\"font-weight: 400;\">Garitas Insurance puede recopilar informaci\u00f3n personal de los usuarios de varias formas, entre otras: visitando el sitio web, rellenando un formulario, solicitando un presupuesto, suscribi\u00e9ndose a nuestro bolet\u00edn y participando en otras actividades, servicios, funciones o recursos que ponemos a su disposici\u00f3n. La informaci\u00f3n recopilada puede incluir (pero no se limita a):<\/span><span style=\"font-weight: 400;\"><br \/><\/span><span style=\"font-weight: 400;\">- Nombre y apellidos<\/span><span style=\"font-weight: 400;\"><br \/><\/span><span style=\"font-weight: 400;\">- Direcci\u00f3n de correo electr\u00f3nico<\/span><span style=\"font-weight: 400;\"><br \/><\/span><span style=\"font-weight: 400;\">- Direcci\u00f3n postal<\/span><span style=\"font-weight: 400;\"><br \/><\/span><span style=\"font-weight: 400;\">- N\u00famero de tel\u00e9fono<\/span><span style=\"font-weight: 400;\"><br \/><\/span><span style=\"font-weight: 400;\">- Informaci\u00f3n necesaria para tramitar un presupuesto o prestar servicios de seguros<\/span><span style=\"font-weight: 400;\"><br \/><\/span><span style=\"font-weight: 400;\"><br \/><\/span><span style=\"font-weight: 400;\">Los usuarios pueden visitar el sitio web de forma an\u00f3nima. La informaci\u00f3n personal s\u00f3lo se recoge si se facilita voluntariamente. La negativa a proporcionar informaci\u00f3n personal puede impedir la participaci\u00f3n en determinadas actividades relacionadas con el sitio web.<\/span><\/p><h5><b>Recogida de informaci\u00f3n no personal<\/b><\/h5><p><span style=\"font-weight: 400;\">Podemos recopilar informaci\u00f3n no personal cuando los usuarios interact\u00faan con nuestro sitio web. Esta informaci\u00f3n puede incluir:<\/span><span style=\"font-weight: 400;\"><br \/><\/span><span style=\"font-weight: 400;\">- Tipo de navegador<\/span><span style=\"font-weight: 400;\"><br \/><\/span><span style=\"font-weight: 400;\">- Informaci\u00f3n sobre dispositivos y ordenadores<\/span><span style=\"font-weight: 400;\"><br \/><\/span><span style=\"font-weight: 400;\">- Datos t\u00e9cnicos sobre la conexi\u00f3n de los usuarios al sitio web (como el sistema operativo y el proveedor de servicios de Internet)<\/span><\/p><h5><b>Cookies del navegador web<\/b><\/h5><p><span style=\"font-weight: 400;\">Nuestro sitio web puede utilizar \"cookies\" para mejorar la experiencia del usuario. Las cookies se almacenan en el disco duro del usuario con fines de registro y seguimiento. Los usuarios pueden optar por rechazar las cookies o configurar alertas cuando se env\u00edan cookies, pero algunas funciones del sitio web pueden no funcionar correctamente.<\/span><span style=\"font-weight: 400;\"><br \/><\/span><span style=\"font-weight: 400;\"><br \/><\/span><span style=\"font-weight: 400;\">Garitas Insurance tambi\u00e9n puede utilizar cookies de publicidad de Google para remarketing e informes demogr\u00e1ficos. Los usuarios pueden darse de baja a trav\u00e9s de Google Analytics Opt-Outs.<\/span><\/p><h5><b>Uso de la informaci\u00f3n recogida<\/b><\/h5><p><span style=\"font-weight: 400;\">Garitas Seguros utiliza la informaci\u00f3n personal recopilada para los siguientes fines:<\/span><span style=\"font-weight: 400;\"><br \/><\/span><span style=\"font-weight: 400;\">- Mejorar el servicio al cliente<\/span><span style=\"font-weight: 400;\"><br \/><\/span><span style=\"font-weight: 400;\">- Personalizar la experiencia del usuario<\/span><span style=\"font-weight: 400;\"><br \/><\/span><span style=\"font-weight: 400;\">- Mejorar el sitio web<\/span><span style=\"font-weight: 400;\"><br \/><\/span><span style=\"font-weight: 400;\">- Procesamiento de transacciones<\/span><span style=\"font-weight: 400;\"><br \/><\/span><span style=\"font-weight: 400;\">- Env\u00edo de actualizaciones<\/span><span style=\"font-weight: 400;\"><br \/><\/span><span style=\"font-weight: 400;\">- Comunicaci\u00f3n por texto<\/span><\/p><h5><b>C\u00f3mo protegemos su informaci\u00f3n<\/b><\/h5><p><span style=\"font-weight: 400;\">Adoptamos pr\u00e1cticas adecuadas de recopilaci\u00f3n, almacenamiento y procesamiento, junto con s\u00f3lidas medidas de seguridad, para proteger contra el acceso no autorizado, la alteraci\u00f3n, la divulgaci\u00f3n o la destrucci\u00f3n de informaci\u00f3n personal.<\/span><span style=\"font-weight: 400;\"><br \/><\/span><span style=\"font-weight: 400;\"><br \/><\/span><span style=\"font-weight: 400;\">Los datos confidenciales intercambiados entre los usuarios y nuestro sitio se realizan a trav\u00e9s de un canal SSL seguro y se cifran con firmas digitales.<\/span><\/p><h5><b>Compartir su informaci\u00f3n personal<\/b><\/h5><p><span style=\"font-weight: 400;\">Garitas Insurance no vende, intercambia ni alquila informaci\u00f3n de identificaci\u00f3n personal. Tampoco compartimos informaci\u00f3n con terceros, excepto cuando sea necesario para cumplir con los servicios de seguros solicitados.<\/span><\/p><h5><b>Sitios web de terceros<\/b><\/h5><p><span style=\"font-weight: 400;\">Nuestro sitio web puede contener enlaces a sitios web externos (socios, aseguradoras u otros recursos). No controlamos el contenido ni las pr\u00e1cticas de estos sitios de terceros y no somos responsables de sus pol\u00edticas. La navegaci\u00f3n por esos sitios est\u00e1 sujeta a sus propias condiciones de privacidad.<\/span><\/p><h5><b>Cambios en esta pol\u00edtica de privacidad<\/b><\/h5><p><span style=\"font-weight: 400;\">Garitas Seguros se reserva el derecho de actualizar esta Pol\u00edtica de Privacidad en cualquier momento. La fecha de \"\u00daltima actualizaci\u00f3n\" en la parte inferior de esta p\u00e1gina reflejar\u00e1 las revisiones. Animamos a los usuarios a revisar esta p\u00e1gina con frecuencia para mantenerse informados sobre c\u00f3mo protegemos la informaci\u00f3n que recopilamos.<\/span><\/p><h5><b>Aceptaci\u00f3n de estas condiciones<\/b><\/h5><p><span style=\"font-weight: 400;\">Al utilizar este sitio web, usted indica que acepta esta Pol\u00edtica de privacidad. Si no est\u00e1 de acuerdo, le rogamos que deje de utilizar nuestro sitio. El uso continuado despu\u00e9s de las actualizaciones de la pol\u00edtica se considerar\u00e1 aceptaci\u00f3n de los cambios.<\/span><\/p><h5><b>Contacto<\/b><\/h5><p><span style=\"font-weight: 400;\">Si tiene alguna pregunta sobre esta Pol\u00edtica de Privacidad, las pr\u00e1cticas de este sitio web o sus interacciones con Garitas Insurance, p\u00f3ngase en contacto con nosotros:<\/span><span style=\"font-weight: 400;\"><br \/><\/span><span style=\"font-weight: 400;\"><br \/><\/span><span style=\"font-weight: 400;\">Garitas Insurance Group Inc.<\/span><span style=\"font-weight: 400;\"><br \/><\/span><span style=\"font-weight: 400;\">3425 Harvester Rd., Suite 2016A, Burlington, ON L7N 3N1<\/span><span style=\"font-weight: 400;\"><br \/><\/span><span style=\"font-weight: 400;\">Correo electr\u00f3nico: info@garitasinsurance.com<\/span><span style=\"font-weight: 400;\"><br \/><\/span><span style=\"font-weight: 400;\"><br \/><\/span><span style=\"font-weight: 400;\"><strong>\u00daltima actualizaci\u00f3n:<\/strong> 18 de agosto de 2025<\/span><\/p>\t\t\t\t\t\t\t\t<\/div>\n\t\t\t\t\t<\/div>\n\t\t\t\t<\/div>\n\t\t\t\t<\/div>\n\t\t\n    <div class=\"xs_social_share_widget xs_share_url after_content \t\tmain_content  wslu-style-1 wslu-share-box-shaped wslu-fill-colored wslu-none wslu-share-horizontal wslu-theme-font-no wslu-main_content\">\n\n\t\t\n        <ul>\n\t\t\t        <\/ul>\n    <\/div>","protected":false},"excerpt":{"rendered":"<p>Privacy Policy Home Privacy Policy Privacy Policy This Privacy Policy outlines how Garitas Insurance Group Inc. (\u201cGaritas Insurance\u201d) collects, uses, [&hellip;]<\/p>\n","protected":false},"author":1,"featured_media":0,"parent":0,"menu_order":0,"comment_status":"closed","ping_status":"closed","template":"elementor_header_footer","meta":{"om_disable_all_campaigns":false,"_monsterinsights_skip_tracking":false,"_monsterinsights_sitenote_active":false,"_monsterinsights_sitenote_note":"","_monsterinsights_sitenote_category":0,"site-sidebar-layout":"no-sidebar","site-content-layout":"","ast-site-content-layout":"full-width-container","site-content-style":"default","site-sidebar-style":"default","ast-global-header-display":"","ast-banner-title-visibility":"","ast-main-header-display":"","ast-hfb-above-header-display":"","ast-hfb-below-header-display":"","ast-hfb-mobile-header-display":"","site-post-title":"disabled","ast-breadcrumbs-content":"","ast-featured-img":"disabled","footer-sml-layout":"","ast-disable-related-posts":"","theme-transparent-header-meta":"","adv-header-id-meta":"","stick-header-meta":"","header-above-stick-meta":"","header-main-stick-meta":"","header-below-stick-meta":"","astra-migrate-meta-layouts":"default","ast-page-background-enabled":"default","ast-page-background-meta":{"desktop":{"background-color":"var(--ast-global-color-5)","background-image":"","background-repeat":"repeat","background-position":"center center","background-size":"auto","background-attachment":"scroll","background-type":"","background-media":"","overlay-type":"","overlay-color":"","overlay-opacity":"","overlay-gradient":""},"tablet":{"background-color":"","background-image":"","background-repeat":"repeat","background-position":"center center","background-size":"auto","background-attachment":"scroll","background-type":"","background-media":"","overlay-type":"","overlay-color":"","overlay-opacity":"","overlay-gradient":""},"mobile":{"background-color":"","background-image":"","background-repeat":"repeat","background-position":"center center","background-size":"auto","background-attachment":"scroll","background-type":"","background-media":"","overlay-type":"","overlay-color":"","overlay-opacity":"","overlay-gradient":""}},"ast-content-background-meta":{"desktop":{"background-color":"var(--ast-global-color-4)","background-image":"","background-repeat":"repeat","background-position":"center center","background-size":"auto","background-attachment":"scroll","background-type":"","background-media":"","overlay-type":"","overlay-color":"","overlay-opacity":"","overlay-gradient":""},"tablet":{"background-color":"var(--ast-global-color-4)","background-image":"","background-repeat":"repeat","background-position":"center center","background-size":"auto","background-attachment":"scroll","background-type":"","background-media":"","overlay-type":"","overlay-color":"","overlay-opacity":"","overlay-gradient":""},"mobile":{"background-color":"var(--ast-global-color-4)","background-image":"","background-repeat":"repeat","background-position":"center center","background-size":"auto","background-attachment":"scroll","background-type":"","background-media":"","overlay-type":"","overlay-color":"","overlay-opacity":"","overlay-gradient":""}},"footnotes":""},"class_list":["post-1644","page","type-page","status-publish","hentry"],"aioseo_notices":[],"_links":{"self":[{"href":"https:\/\/garitasinsurance.com\/es\/wp-json\/wp\/v2\/pages\/1644","targetHints":{"allow":["GET"]}}],"collection":[{"href":"https:\/\/garitasinsurance.com\/es\/wp-json\/wp\/v2\/pages"}],"about":[{"href":"https:\/\/garitasinsurance.com\/es\/wp-json\/wp\/v2\/types\/page"}],"author":[{"embeddable":true,"href":"https:\/\/garitasinsurance.com\/es\/wp-json\/wp\/v2\/users\/1"}],"replies":[{"embeddable":true,"href":"https:\/\/garitasinsurance.com\/es\/wp-json\/wp\/v2\/comments?post=1644"}],"version-history":[{"count":11,"href":"https:\/\/garitasinsurance.com\/es\/wp-json\/wp\/v2\/pages\/1644\/revisions"}],"predecessor-version":[{"id":1675,"href":"https:\/\/garitasinsurance.com\/es\/wp-json\/wp\/v2\/pages\/1644\/revisions\/1675"}],"wp:attachment":[{"href":"https:\/\/garitasinsurance.com\/es\/wp-json\/wp\/v2\/media?parent=1644"}],"curies":[{"name":"wp","href":"https:\/\/api.w.org\/{rel}","templated":true}]}}