{"id":510,"date":"2025-08-15T19:16:58","date_gmt":"2025-08-15T19:16:58","guid":{"rendered":"https:\/\/garitasinsurance.com\/?page_id=510"},"modified":"2025-08-25T05:55:59","modified_gmt":"2025-08-25T05:55:59","slug":"faqs","status":"publish","type":"page","link":"https:\/\/garitasinsurance.com\/es\/faqs\/","title":{"rendered":"Preguntas frecuentes"},"content":{"rendered":"<div data-elementor-type=\"wp-page\" data-elementor-id=\"510\" class=\"elementor elementor-510\">\n\t\t\t\t<div class=\"elementor-element elementor-element-468950c0 e-flex e-con-boxed e-con e-parent\" data-id=\"468950c0\" data-element_type=\"container\" data-e-type=\"container\" data-settings=\"{&quot;background_background&quot;:&quot;classic&quot;}\">\n\t\t\t\t\t<div class=\"e-con-inner\">\n\t\t\t\t<div class=\"elementor-element elementor-element-2cfa2773 elementor-widget elementor-widget-heading\" data-id=\"2cfa2773\" data-element_type=\"widget\" data-e-type=\"widget\" data-widget_type=\"heading.default\">\n\t\t\t\t\t<h2 class=\"elementor-heading-title elementor-size-default\">Preguntas frecuentes<\/h2>\t\t\t\t<\/div>\n\t\t\t\t<div class=\"elementor-element elementor-element-25bc4939 elementor-widget elementor-widget-text-editor\" data-id=\"25bc4939\" data-element_type=\"widget\" data-e-type=\"widget\" data-widget_type=\"text-editor.default\">\n\t\t\t\t\t\t\t\t\t<p>\u00bfTiene preguntas sobre seguros, presupuestos u opciones de cobertura en Ontario? Hemos reunido respuestas a algunas de las preguntas m\u00e1s frecuentes de clientes como usted.<\/p>\t\t\t\t\t\t\t\t<\/div>\n\t\t\t\t<div class=\"elementor-element elementor-element-989e170 elementor-icon-list--layout-inline elementor-list-item-link-full_width elementor-widget elementor-widget-icon-list\" data-id=\"989e170\" data-element_type=\"widget\" data-e-type=\"widget\" data-widget_type=\"icon-list.default\">\n\t\t\t\t\t\t\t<ul class=\"elementor-icon-list-items elementor-inline-items\">\n\t\t\t\t\t\t\t<li class=\"elementor-icon-list-item elementor-inline-item\">\n\t\t\t\t\t\t\t\t\t\t\t<a href=\"https:\/\/garitasinsurance.com\/es\/home\/\">\n\n\t\t\t\t\t\t\t\t\t\t\t<span class=\"elementor-icon-list-text\">Inicio <\/span>\n\t\t\t\t\t\t\t\t\t\t\t<\/a>\n\t\t\t\t\t\t\t\t\t<\/li>\n\t\t\t\t\t\t\t\t<li class=\"elementor-icon-list-item elementor-inline-item\">\n\t\t\t\t\t\t\t\t\t\t\t<a href=\"https:\/\/garitasinsurance.com\/es\/faqs\/\">\n\n\t\t\t\t\t\t\t\t\t\t\t\t<span class=\"elementor-icon-list-icon\">\n\t\t\t\t\t\t\t<i aria-hidden=\"true\" class=\"jki jki-arrow-right-solid\"><\/i>\t\t\t\t\t\t<\/span>\n\t\t\t\t\t\t\t\t\t\t<span class=\"elementor-icon-list-text\">Preguntas frecuentes<\/span>\n\t\t\t\t\t\t\t\t\t\t\t<\/a>\n\t\t\t\t\t\t\t\t\t<\/li>\n\t\t\t\t\t\t<\/ul>\n\t\t\t\t\t\t<\/div>\n\t\t\t\t\t<\/div>\n\t\t\t\t<\/div>\n\t\t<div class=\"elementor-element elementor-element-a9480fe e-flex e-con-boxed e-con e-parent\" data-id=\"a9480fe\" data-element_type=\"container\" data-e-type=\"container\" data-settings=\"{&quot;background_background&quot;:&quot;classic&quot;}\">\n\t\t\t\t\t<div class=\"e-con-inner\">\n\t\t\t\t<div class=\"elementor-element elementor-element-5cf1bd73 elementor-widget elementor-widget-heading\" data-id=\"5cf1bd73\" data-element_type=\"widget\" data-e-type=\"widget\" data-widget_type=\"heading.default\">\n\t\t\t\t\t<h2 class=\"elementor-heading-title elementor-size-default\">Preguntas frecuentes<\/h2>\t\t\t\t<\/div>\n\t\t\t\t<div class=\"elementor-element elementor-element-4b82331e elementor-widget elementor-widget-heading\" data-id=\"4b82331e\" data-element_type=\"widget\" data-e-type=\"widget\" data-widget_type=\"heading.default\">\n\t\t\t\t\t<h2 class=\"elementor-heading-title elementor-size-default\">Cuestiones de pol\u00edtica general<\/h2>\t\t\t\t<\/div>\n\t\t<div class=\"elementor-element elementor-element-1028bce5 e-flex e-con-boxed e-con e-child\" data-id=\"1028bce5\" data-element_type=\"container\" data-e-type=\"container\">\n\t\t\t\t\t<div class=\"e-con-inner\">\n\t\t<div class=\"elementor-element elementor-element-16e207d4 e-flex e-con-boxed e-con e-child\" data-id=\"16e207d4\" data-element_type=\"container\" data-e-type=\"container\">\n\t\t\t\t\t<div class=\"e-con-inner\">\n\t\t\t\t<div class=\"elementor-element elementor-element-139dea80 elementor-widget__width-inherit elementor-widget elementor-widget-elementskit-accordion\" data-id=\"139dea80\" data-element_type=\"widget\" data-e-type=\"widget\" data-widget_type=\"elementskit-accordion.default\">\n\t\t\t\t\t<div class=\"ekit-wid-con\" >\n        <div class=\"elementskit-accordion accoedion-primary\" id=\"accordion-6a05f01b34bd6\">\n\n            \n                <div class=\"elementskit-card\">\n                    <div class=\"elementskit-card-header\" id=\"primaryHeading-0-139dea80\">\n                        <a href=\"#collapse-810471d6a05f01b34bd6\" class=\"ekit-accordion--toggler elementskit-btn-link collapsed\" data-ekit-toggle=\"collapse\" data-target=\"#Collapse-810471d6a05f01b34bd6\" aria-expanded=\"false\" aria-controls=\"Collapse-810471d6a05f01b34bd6\">\n                            \n                            <span class=\"ekit-accordion-title\">\u00bfNecesito realmente un seguro en Ontario?<\/span>\n\n                            \n                                <div class=\"ekit_accordion_icon_group\">\n                                    <div class=\"ekit_accordion_normal_icon\">\n                                        <!-- Normal Icon -->\n\t\t\t\t\t\t\t\t\t\t<i class=\"jki jki-arrow-right-solid\"><\/i>                                    <\/div>\n\n                                    <div class=\"ekit_accordion_active_icon\">\n                                        <!-- Active Icon -->\n\t\t\t\t\t\t\t\t\t\t<i class=\"jki jki-arrow-down-solid\"><\/i>                                    <\/div>\n                                <\/div>\n\n                            \n                                                    <\/a>\n                    <\/div>\n\n                    <div id=\"Collapse-810471d6a05f01b34bd6\" class=\"collapse\" aria-labelledby=\"primaryHeading-0-139dea80\" data-parent=\"#accordion-6a05f01b34bd6\">\n\n                        <div class=\"elementskit-card-body ekit-accordion--content\">\n                            <p><span style=\"font-weight: 400\"><strong>S\u00ed.<\/strong> El seguro de autom\u00f3vil es obligatorio por ley, y aunque las coberturas de hogar, condominio, inquilino y negocio no son obligatorias, son muy recomendables para proteger su propiedad, ingresos y responsabilidad civil.<\/span><\/p><p>u tama\u00f1o de familia<\/p>                        <\/div>\n\n                    <\/div>\n\n                <\/div><!-- .elementskit-card END -->\n\n                \n                <div class=\"elementskit-card\">\n                    <div class=\"elementskit-card-header\" id=\"primaryHeading-1-139dea80\">\n                        <a href=\"#collapse-a7ed73e6a05f01b34bd6\" class=\"ekit-accordion--toggler elementskit-btn-link collapsed\" data-ekit-toggle=\"collapse\" data-target=\"#Collapse-a7ed73e6a05f01b34bd6\" aria-expanded=\"false\" aria-controls=\"Collapse-a7ed73e6a05f01b34bd6\">\n                            \n                            <span class=\"ekit-accordion-title\">\u00bfC\u00f3mo se determinan las tarifas de los seguros?<\/span>\n\n                            \n                                <div class=\"ekit_accordion_icon_group\">\n                                    <div class=\"ekit_accordion_normal_icon\">\n                                        <!-- Normal Icon -->\n\t\t\t\t\t\t\t\t\t\t<i class=\"jki jki-arrow-right-solid\"><\/i>                                    <\/div>\n\n                                    <div class=\"ekit_accordion_active_icon\">\n                                        <!-- Active Icon -->\n\t\t\t\t\t\t\t\t\t\t<i class=\"jki jki-arrow-down-solid\"><\/i>                                    <\/div>\n                                <\/div>\n\n                            \n                                                    <\/a>\n                    <\/div>\n\n                    <div id=\"Collapse-a7ed73e6a05f01b34bd6\" class=\"collapse\" aria-labelledby=\"primaryHeading-1-139dea80\" data-parent=\"#accordion-6a05f01b34bd6\">\n\n                        <div class=\"elementskit-card-body ekit-accordion--content\">\n                            <p><span style=\"font-weight: 400\">Las tarifas dependen de muchos factores: el tipo de cobertura, el valor de su propiedad, su historial de siniestros, su ubicaci\u00f3n y, en el caso del seguro de autom\u00f3vil, su historial de conducci\u00f3n, el tipo de veh\u00edculo y su uso.<\/span><\/p>                        <\/div>\n\n                    <\/div>\n\n                <\/div><!-- .elementskit-card END -->\n\n                \n                <div class=\"elementskit-card\">\n                    <div class=\"elementskit-card-header\" id=\"primaryHeading-2-139dea80\">\n                        <a href=\"#collapse-4c03aa96a05f01b34bd6\" class=\"ekit-accordion--toggler elementskit-btn-link collapsed\" data-ekit-toggle=\"collapse\" data-target=\"#Collapse-4c03aa96a05f01b34bd6\" aria-expanded=\"false\" aria-controls=\"Collapse-4c03aa96a05f01b34bd6\">\n                            \n                            <span class=\"ekit-accordion-title\">\u00bfPuedo agrupar mis p\u00f3lizas para obtener un descuento?<\/span>\n\n                            \n                                <div class=\"ekit_accordion_icon_group\">\n                                    <div class=\"ekit_accordion_normal_icon\">\n                                        <!-- Normal Icon -->\n\t\t\t\t\t\t\t\t\t\t<i class=\"jki jki-arrow-right-solid\"><\/i>                                    <\/div>\n\n                                    <div class=\"ekit_accordion_active_icon\">\n                                        <!-- Active Icon -->\n\t\t\t\t\t\t\t\t\t\t<i class=\"jki jki-arrow-down-solid\"><\/i>                                    <\/div>\n                                <\/div>\n\n                            \n                                                    <\/a>\n                    <\/div>\n\n                    <div id=\"Collapse-4c03aa96a05f01b34bd6\" class=\"collapse\" aria-labelledby=\"primaryHeading-2-139dea80\" data-parent=\"#accordion-6a05f01b34bd6\">\n\n                        <div class=\"elementskit-card-body ekit-accordion--content\">\n                            <p><span style=\"font-weight: 400\">S\u00ed. Agrupar los seguros de autom\u00f3vil, hogar, vivienda o inquilino con el mismo proveedor puede suponer un ahorro considerable.<\/span><\/p>                        <\/div>\n\n                    <\/div>\n\n                <\/div><!-- .elementskit-card END -->\n\n                \n                <div class=\"elementskit-card\">\n                    <div class=\"elementskit-card-header\" id=\"primaryHeading-3-139dea80\">\n                        <a href=\"#collapse-a232f396a05f01b34bd6\" class=\"ekit-accordion--toggler elementskit-btn-link collapsed\" data-ekit-toggle=\"collapse\" data-target=\"#Collapse-a232f396a05f01b34bd6\" aria-expanded=\"false\" aria-controls=\"Collapse-a232f396a05f01b34bd6\">\n                            \n                            <span class=\"ekit-accordion-title\">\u00bfQu\u00e9 ocurre si cancelan mi p\u00f3liza por impago?<\/span>\n\n                            \n                                <div class=\"ekit_accordion_icon_group\">\n                                    <div class=\"ekit_accordion_normal_icon\">\n                                        <!-- Normal Icon -->\n\t\t\t\t\t\t\t\t\t\t<i class=\"jki jki-arrow-right-solid\"><\/i>                                    <\/div>\n\n                                    <div class=\"ekit_accordion_active_icon\">\n                                        <!-- Active Icon -->\n\t\t\t\t\t\t\t\t\t\t<i class=\"jki jki-arrow-down-solid\"><\/i>                                    <\/div>\n                                <\/div>\n\n                            \n                                                    <\/a>\n                    <\/div>\n\n                    <div id=\"Collapse-a232f396a05f01b34bd6\" class=\"collapse\" aria-labelledby=\"primaryHeading-3-139dea80\" data-parent=\"#accordion-6a05f01b34bd6\">\n\n                        <div class=\"elementskit-card-body ekit-accordion--content\">\n                            <p><span style=\"font-weight: 400\">Su cobertura finaliza inmediatamente, dej\u00e1ndole desprotegido en caso de siniestro. Tambi\u00e9n puede encarecer futuros seguros. P\u00f3ngase en contacto con nosotros de inmediato si tiene problemas para efectuar un pago.<\/span><\/p>                        <\/div>\n\n                    <\/div>\n\n                <\/div><!-- .elementskit-card END -->\n\n                \n                <div class=\"elementskit-card\">\n                    <div class=\"elementskit-card-header\" id=\"primaryHeading-4-139dea80\">\n                        <a href=\"#collapse-957fc506a05f01b34bd6\" class=\"ekit-accordion--toggler elementskit-btn-link collapsed\" data-ekit-toggle=\"collapse\" data-target=\"#Collapse-957fc506a05f01b34bd6\" aria-expanded=\"false\" aria-controls=\"Collapse-957fc506a05f01b34bd6\">\n                            \n                            <span class=\"ekit-accordion-title\">No he pagado y he recibido una carta de cancelaci\u00f3n. \u00bfQu\u00e9 debo hacer?<\/span>\n\n                            \n                                <div class=\"ekit_accordion_icon_group\">\n                                    <div class=\"ekit_accordion_normal_icon\">\n                                        <!-- Normal Icon -->\n\t\t\t\t\t\t\t\t\t\t<i class=\"jki jki-arrow-right-solid\"><\/i>                                    <\/div>\n\n                                    <div class=\"ekit_accordion_active_icon\">\n                                        <!-- Active Icon -->\n\t\t\t\t\t\t\t\t\t\t<i class=\"jki jki-arrow-down-solid\"><\/i>                                    <\/div>\n                                <\/div>\n\n                            \n                                                    <\/a>\n                    <\/div>\n\n                    <div id=\"Collapse-957fc506a05f01b34bd6\" class=\"collapse\" aria-labelledby=\"primaryHeading-4-139dea80\" data-parent=\"#accordion-6a05f01b34bd6\">\n\n                        <div class=\"elementskit-card-body ekit-accordion--content\">\n                            <p><span style=\"font-weight: 400\">Ll\u00e1menos o llame a la aseguradora inmediatamente. En algunos casos, a\u00fan puedes efectuar el pago y restablecer la cobertura, pero el tiempo es fundamental.<\/span><\/p>                        <\/div>\n\n                    <\/div>\n\n                <\/div><!-- .elementskit-card END -->\n\n                \n                <div class=\"elementskit-card\">\n                    <div class=\"elementskit-card-header\" id=\"primaryHeading-5-139dea80\">\n                        <a href=\"#collapse-77284b06a05f01b34bd6\" class=\"ekit-accordion--toggler elementskit-btn-link collapsed\" data-ekit-toggle=\"collapse\" data-target=\"#Collapse-77284b06a05f01b34bd6\" aria-expanded=\"false\" aria-controls=\"Collapse-77284b06a05f01b34bd6\">\n                            \n                            <span class=\"ekit-accordion-title\">\u00bfCu\u00e1l es la diferencia entre responsabilidad civil general y responsabilidad civil profesional?<\/span>\n\n                            \n                                <div class=\"ekit_accordion_icon_group\">\n                                    <div class=\"ekit_accordion_normal_icon\">\n                                        <!-- Normal Icon -->\n\t\t\t\t\t\t\t\t\t\t<i class=\"jki jki-arrow-right-solid\"><\/i>                                    <\/div>\n\n                                    <div class=\"ekit_accordion_active_icon\">\n                                        <!-- Active Icon -->\n\t\t\t\t\t\t\t\t\t\t<i class=\"jki jki-arrow-down-solid\"><\/i>                                    <\/div>\n                                <\/div>\n\n                            \n                                                    <\/a>\n                    <\/div>\n\n                    <div id=\"Collapse-77284b06a05f01b34bd6\" class=\"collapse\" aria-labelledby=\"primaryHeading-5-139dea80\" data-parent=\"#accordion-6a05f01b34bd6\">\n\n                        <div class=\"elementskit-card-body ekit-accordion--content\">\n                            <p><span style=\"font-weight: 400\">La responsabilidad civil general cubre lesiones corporales o da\u00f1os materiales a terceros, mientras que la responsabilidad civil profesional cubre errores o negligencias en sus servicios o asesoramiento.<\/span><\/p>                        <\/div>\n\n                    <\/div>\n\n                <\/div><!-- .elementskit-card END -->\n\n                \n                <div class=\"elementskit-card\">\n                    <div class=\"elementskit-card-header\" id=\"primaryHeading-6-139dea80\">\n                        <a href=\"#collapse-963604e6a05f01b34bd6\" class=\"ekit-accordion--toggler elementskit-btn-link collapsed\" data-ekit-toggle=\"collapse\" data-target=\"#Collapse-963604e6a05f01b34bd6\" aria-expanded=\"false\" aria-controls=\"Collapse-963604e6a05f01b34bd6\">\n                            \n                            <span class=\"ekit-accordion-title\">\u00bfQui\u00e9n deber\u00eda plantearse un seguro paraguas?<\/span>\n\n                            \n                                <div class=\"ekit_accordion_icon_group\">\n                                    <div class=\"ekit_accordion_normal_icon\">\n                                        <!-- Normal Icon -->\n\t\t\t\t\t\t\t\t\t\t<i class=\"jki jki-arrow-right-solid\"><\/i>                                    <\/div>\n\n                                    <div class=\"ekit_accordion_active_icon\">\n                                        <!-- Active Icon -->\n\t\t\t\t\t\t\t\t\t\t<i class=\"jki jki-arrow-down-solid\"><\/i>                                    <\/div>\n                                <\/div>\n\n                            \n                                                    <\/a>\n                    <\/div>\n\n                    <div id=\"Collapse-963604e6a05f01b34bd6\" class=\"collapse\" aria-labelledby=\"primaryHeading-6-139dea80\" data-parent=\"#accordion-6a05f01b34bd6\">\n\n                        <div class=\"elementskit-card-body ekit-accordion--content\">\n                            <p><span style=\"font-weight: 400\">Cualquier persona con bienes o ingresos importantes que proteger. El seguro paraguas ofrece una cobertura de responsabilidad civil adicional a la de las p\u00f3lizas existentes.<\/span><\/p>                        <\/div>\n\n                    <\/div>\n\n                <\/div><!-- .elementskit-card END -->\n\n                \n                <div class=\"elementskit-card\">\n                    <div class=\"elementskit-card-header\" id=\"primaryHeading-7-139dea80\">\n                        <a href=\"#collapse-dec13a76a05f01b34bd6\" class=\"ekit-accordion--toggler elementskit-btn-link collapsed\" data-ekit-toggle=\"collapse\" data-target=\"#Collapse-dec13a76a05f01b34bd6\" aria-expanded=\"false\" aria-controls=\"Collapse-dec13a76a05f01b34bd6\">\n                            \n                            <span class=\"ekit-accordion-title\">\u00bfCon qu\u00e9 rapidez puedo obtener cobertura?<\/span>\n\n                            \n                                <div class=\"ekit_accordion_icon_group\">\n                                    <div class=\"ekit_accordion_normal_icon\">\n                                        <!-- Normal Icon -->\n\t\t\t\t\t\t\t\t\t\t<i class=\"jki jki-arrow-right-solid\"><\/i>                                    <\/div>\n\n                                    <div class=\"ekit_accordion_active_icon\">\n                                        <!-- Active Icon -->\n\t\t\t\t\t\t\t\t\t\t<i class=\"jki jki-arrow-down-solid\"><\/i>                                    <\/div>\n                                <\/div>\n\n                            \n                                                    <\/a>\n                    <\/div>\n\n                    <div id=\"Collapse-dec13a76a05f01b34bd6\" class=\"collapse\" aria-labelledby=\"primaryHeading-7-139dea80\" data-parent=\"#accordion-6a05f01b34bd6\">\n\n                        <div class=\"elementskit-card-body ekit-accordion--content\">\n                            <p><span style=\"font-weight: 400\">Muchas p\u00f3lizas pueden emitirse el mismo d\u00eda, pero las coberturas comerciales o especializadas pueden tardar m\u00e1s en funci\u00f3n de sus necesidades.<\/span><\/p>                        <\/div>\n\n                    <\/div>\n\n                <\/div><!-- .elementskit-card END -->\n\n                                        <\/div>\n    <\/div>\t\t\t\t<\/div>\n\t\t\t\t\t<\/div>\n\t\t\t\t<\/div>\n\t\t\t\t\t<\/div>\n\t\t\t\t<\/div>\n\t\t\t\t\t<\/div>\n\t\t\t\t<\/div>\n\t\t\t\t<\/div>\n\t\t\n    <div class=\"xs_social_share_widget xs_share_url after_content \t\tmain_content  wslu-style-1 wslu-share-box-shaped wslu-fill-colored wslu-none wslu-share-horizontal wslu-theme-font-no wslu-main_content\">\n\n\t\t\n        <ul>\n\t\t\t        <\/ul>\n    <\/div>","protected":false},"excerpt":{"rendered":"<p>FAQ&#8217;s Have questions about insurance, quotes, or coverage options in Ontario? We\u2019ve gathered answers to some of the most FAQ\u2019s [&hellip;]<\/p>\n","protected":false},"author":1,"featured_media":0,"parent":0,"menu_order":0,"comment_status":"closed","ping_status":"closed","template":"elementor_header_footer","meta":{"om_disable_all_campaigns":false,"_monsterinsights_skip_tracking":false,"_monsterinsights_sitenote_active":false,"_monsterinsights_sitenote_note":"","_monsterinsights_sitenote_category":0,"site-sidebar-layout":"no-sidebar","site-content-layout":"","ast-site-content-layout":"full-width-container","site-content-style":"default","site-sidebar-style":"default","ast-global-header-display":"","ast-banner-title-visibility":"","ast-main-header-display":"","ast-hfb-above-header-display":"","ast-hfb-below-header-display":"","ast-hfb-mobile-header-display":"","site-post-title":"disabled","ast-breadcrumbs-content":"","ast-featured-img":"disabled","footer-sml-layout":"","ast-disable-related-posts":"","theme-transparent-header-meta":"","adv-header-id-meta":"","stick-header-meta":"","header-above-stick-meta":"","header-main-stick-meta":"","header-below-stick-meta":"","astra-migrate-meta-layouts":"default","ast-page-background-enabled":"default","ast-page-background-meta":{"desktop":{"background-color":"var(--ast-global-color-5)","background-image":"","background-repeat":"repeat","background-position":"center center","background-size":"auto","background-attachment":"scroll","background-type":"","background-media":"","overlay-type":"","overlay-color":"","overlay-opacity":"","overlay-gradient":""},"tablet":{"background-color":"","background-image":"","background-repeat":"repeat","background-position":"center center","background-size":"auto","background-attachment":"scroll","background-type":"","background-media":"","overlay-type":"","overlay-color":"","overlay-opacity":"","overlay-gradient":""},"mobile":{"background-color":"","background-image":"","background-repeat":"repeat","background-position":"center center","background-size":"auto","background-attachment":"scroll","background-type":"","background-media":"","overlay-type":"","overlay-color":"","overlay-opacity":"","overlay-gradient":""}},"ast-content-background-meta":{"desktop":{"background-color":"var(--ast-global-color-4)","background-image":"","background-repeat":"repeat","background-position":"center center","background-size":"auto","background-attachment":"scroll","background-type":"","background-media":"","overlay-type":"","overlay-color":"","overlay-opacity":"","overlay-gradient":""},"tablet":{"background-color":"var(--ast-global-color-4)","background-image":"","background-repeat":"repeat","background-position":"center center","background-size":"auto","background-attachment":"scroll","background-type":"","background-media":"","overlay-type":"","overlay-color":"","overlay-opacity":"","overlay-gradient":""},"mobile":{"background-color":"var(--ast-global-color-4)","background-image":"","background-repeat":"repeat","background-position":"center center","background-size":"auto","background-attachment":"scroll","background-type":"","background-media":"","overlay-type":"","overlay-color":"","overlay-opacity":"","overlay-gradient":""}},"footnotes":""},"class_list":["post-510","page","type-page","status-publish","hentry"],"aioseo_notices":[],"_links":{"self":[{"href":"https:\/\/garitasinsurance.com\/es\/wp-json\/wp\/v2\/pages\/510","targetHints":{"allow":["GET"]}}],"collection":[{"href":"https:\/\/garitasinsurance.com\/es\/wp-json\/wp\/v2\/pages"}],"about":[{"href":"https:\/\/garitasinsurance.com\/es\/wp-json\/wp\/v2\/types\/page"}],"author":[{"embeddable":true,"href":"https:\/\/garitasinsurance.com\/es\/wp-json\/wp\/v2\/users\/1"}],"replies":[{"embeddable":true,"href":"https:\/\/garitasinsurance.com\/es\/wp-json\/wp\/v2\/comments?post=510"}],"version-history":[{"count":19,"href":"https:\/\/garitasinsurance.com\/es\/wp-json\/wp\/v2\/pages\/510\/revisions"}],"predecessor-version":[{"id":1659,"href":"https:\/\/garitasinsurance.com\/es\/wp-json\/wp\/v2\/pages\/510\/revisions\/1659"}],"wp:attachment":[{"href":"https:\/\/garitasinsurance.com\/es\/wp-json\/wp\/v2\/media?parent=510"}],"curies":[{"name":"wp","href":"https:\/\/api.w.org\/{rel}","templated":true}]}}