{"id":839,"date":"2025-08-16T05:14:13","date_gmt":"2025-08-16T05:14:13","guid":{"rendered":"https:\/\/garitasinsurance.com\/?page_id=839"},"modified":"2025-08-25T05:55:24","modified_gmt":"2025-08-25T05:55:24","slug":"commercial-insurance-2","status":"publish","type":"page","link":"https:\/\/garitasinsurance.com\/es\/commercial-insurance-2\/","title":{"rendered":"Seguros comerciales"},"content":{"rendered":"<div data-elementor-type=\"wp-page\" data-elementor-id=\"839\" class=\"elementor elementor-839\">\n\t\t\t\t<div class=\"elementor-element elementor-element-3f8a2f70 e-flex e-con-boxed e-con e-parent\" data-id=\"3f8a2f70\" data-element_type=\"container\" data-e-type=\"container\" data-settings=\"{&quot;background_background&quot;:&quot;classic&quot;}\">\n\t\t\t\t\t<div class=\"e-con-inner\">\n\t\t\t\t<div class=\"elementor-element elementor-element-ab1bd7 elementor-widget elementor-widget-heading\" data-id=\"ab1bd7\" data-element_type=\"widget\" data-e-type=\"widget\" data-widget_type=\"heading.default\">\n\t\t\t\t\t<h2 class=\"elementor-heading-title elementor-size-default\">Seguros comerciales<\/h2>\t\t\t\t<\/div>\n\t\t\t\t<div class=\"elementor-element elementor-element-2fdabfb elementor-widget elementor-widget-text-editor\" data-id=\"2fdabfb\" data-element_type=\"widget\" data-e-type=\"widget\" data-widget_type=\"text-editor.default\">\n\t\t\t\t\t\t\t\t\t<p>Duis aute irure dolor in reprehenderit in voluptate velit esse cillum pariatur<br \/>non proident aute irure.<\/p>\t\t\t\t\t\t\t\t<\/div>\n\t\t\t\t<div class=\"elementor-element elementor-element-d47b8dc elementor-icon-list--layout-inline elementor-list-item-link-full_width elementor-widget elementor-widget-icon-list\" data-id=\"d47b8dc\" data-element_type=\"widget\" data-e-type=\"widget\" data-widget_type=\"icon-list.default\">\n\t\t\t\t\t\t\t<ul class=\"elementor-icon-list-items elementor-inline-items\">\n\t\t\t\t\t\t\t<li class=\"elementor-icon-list-item elementor-inline-item\">\n\t\t\t\t\t\t\t\t\t\t\t<a href=\"https:\/\/garitasinsurance.com\/es\/home\/\">\n\n\t\t\t\t\t\t\t\t\t\t\t<span class=\"elementor-icon-list-text\">Inicio <\/span>\n\t\t\t\t\t\t\t\t\t\t\t<\/a>\n\t\t\t\t\t\t\t\t\t<\/li>\n\t\t\t\t\t\t\t\t<li class=\"elementor-icon-list-item elementor-inline-item\">\n\t\t\t\t\t\t\t\t\t\t\t<a href=\"https:\/\/garitasinsurance.com\/es\/commercial-insurance-2\/\">\n\n\t\t\t\t\t\t\t\t\t\t\t\t<span class=\"elementor-icon-list-icon\">\n\t\t\t\t\t\t\t<i aria-hidden=\"true\" class=\"jki jki-arrow-right-solid\"><\/i>\t\t\t\t\t\t<\/span>\n\t\t\t\t\t\t\t\t\t\t<span class=\"elementor-icon-list-text\">Seguros comerciales<\/span>\n\t\t\t\t\t\t\t\t\t\t\t<\/a>\n\t\t\t\t\t\t\t\t\t<\/li>\n\t\t\t\t\t\t<\/ul>\n\t\t\t\t\t\t<\/div>\n\t\t\t\t\t<\/div>\n\t\t\t\t<\/div>\n\t\t<div class=\"elementor-element elementor-element-dc7bf68 e-flex e-con-boxed e-con e-parent\" data-id=\"dc7bf68\" data-element_type=\"container\" data-e-type=\"container\">\n\t\t\t\t\t<div class=\"e-con-inner\">\n\t\t<div class=\"elementor-element elementor-element-708cb79 e-con-full e-flex elementor-invisible e-con e-child\" data-id=\"708cb79\" data-element_type=\"container\" data-e-type=\"container\" data-settings=\"{&quot;animation&quot;:&quot;pulse&quot;}\">\n\t\t\t\t<div class=\"elementor-element elementor-element-04807ba elementor-widget elementor-widget-image\" data-id=\"04807ba\" data-element_type=\"widget\" data-e-type=\"widget\" data-widget_type=\"image.default\">\n\t\t\t\t\t\t\t\t\t\t\t\t\t\t\t<img decoding=\"async\" src=\"https:\/\/garitasinsurance.com\/wp-content\/uploads\/elementor\/thumbs\/contrato-inmobiliario-sobre-la-mesa-scaled-rabq7hwwx60oetf8ak6v56vtnyem2swrhp5e4x258q.jpg\" title=\"contrato-inmobiliario-sobre-la-mesa\" alt=\"contrato-inmobiliario-sobre-la-mesa\" class=\"elementor-animation-float\" loading=\"lazy\" \/>\t\t\t\t\t\t\t\t\t\t\t\t\t\t\t<\/div>\n\t\t\t\t<div class=\"elementor-element elementor-element-891ce5f elementor-absolute elementor-widget elementor-widget-image\" data-id=\"891ce5f\" data-element_type=\"widget\" data-e-type=\"widget\" data-settings=\"{&quot;_position&quot;:&quot;absolute&quot;}\" data-widget_type=\"image.default\">\n\t\t\t\t\t\t\t\t\t\t\t\t\t\t\t<img decoding=\"async\" src=\"https:\/\/garitasinsurance.com\/wp-content\/uploads\/elementor\/thumbs\/hombre-maduro-profesional-de-pie-delante-del-edificio-scaled-rabtk4j9zr5eda7bwpb94r1e43udwfso2r4nba7aq2.jpg\" title=\"hombre-maduro-profesional-de-pie-delante-del-edificio\" alt=\"hombre-maduro-profesional-de-pie-delante-del-edificio\" class=\"elementor-animation-float\" loading=\"lazy\" \/>\t\t\t\t\t\t\t\t\t\t\t\t\t\t\t<\/div>\n\t\t\t\t<\/div>\n\t\t<div class=\"elementor-element elementor-element-34b2f97 e-con-full e-flex elementor-invisible e-con e-child\" data-id=\"34b2f97\" data-element_type=\"container\" data-e-type=\"container\" data-settings=\"{&quot;animation&quot;:&quot;fadeIn&quot;}\">\n\t\t\t\t<div class=\"elementor-element elementor-element-4eef3be elementor-widget elementor-widget-heading\" data-id=\"4eef3be\" data-element_type=\"widget\" data-e-type=\"widget\" data-widget_type=\"heading.default\">\n\t\t\t\t\t<h2 class=\"elementor-heading-title elementor-size-default\">Seguros comerciales<\/h2>\t\t\t\t<\/div>\n\t\t\t\t<div class=\"elementor-element elementor-element-1a44eac elementor-widget elementor-widget-heading\" data-id=\"1a44eac\" data-element_type=\"widget\" data-e-type=\"widget\" data-widget_type=\"heading.default\">\n\t\t\t\t\t<h2 class=\"elementor-heading-title elementor-size-default\">Proteja los activos y las operaciones de su empresa<\/h2>\t\t\t\t<\/div>\n\t\t\t\t<div class=\"elementor-element elementor-element-9760178 elementor-widget elementor-widget-text-editor\" data-id=\"9760178\" data-element_type=\"widget\" data-e-type=\"widget\" data-widget_type=\"text-editor.default\">\n\t\t\t\t\t\t\t\t\t<p><span style=\"font-weight: 400;\">El seguro comercial protege los activos, las operaciones y la reputaci\u00f3n de su empresa. La cobertura puede incluir bienes, responsabilidad civil, interrupci\u00f3n de la actividad empresarial y protecci\u00f3n especializada para su sector. Tambi\u00e9n ofrecemos cobertura de responsabilidad profesional para empresas de servicios. Nuestro objetivo es proteger sus ingresos y mantener sus operaciones en marcha sin problemas, independientemente de los retos que surjan.<\/span><\/p>\t\t\t\t\t\t\t\t<\/div>\n\t\t\t\t<\/div>\n\t\t\t\t\t<\/div>\n\t\t\t\t<\/div>\n\t\t<div class=\"elementor-element elementor-element-5e9c2c1 e-flex e-con-boxed elementor-invisible e-con e-parent\" data-id=\"5e9c2c1\" data-element_type=\"container\" data-e-type=\"container\" data-settings=\"{&quot;background_background&quot;:&quot;gradient&quot;,&quot;animation&quot;:&quot;pulse&quot;}\">\n\t\t\t\t\t<div class=\"e-con-inner\">\n\t\t<div class=\"elementor-element elementor-element-9a8b120 e-con-full e-flex e-con e-child\" data-id=\"9a8b120\" data-element_type=\"container\" data-e-type=\"container\">\n\t\t<div class=\"elementor-element elementor-element-8b1e529 animated-slow e-flex e-con-boxed elementor-invisible e-con e-child\" data-id=\"8b1e529\" data-element_type=\"container\" data-e-type=\"container\" data-settings=\"{&quot;animation&quot;:&quot;fadeIn&quot;}\">\n\t\t\t\t\t<div class=\"e-con-inner\">\n\t\t\t\t<div class=\"elementor-element elementor-element-74d15ec elementor-widget elementor-widget-text-editor\" data-id=\"74d15ec\" data-element_type=\"widget\" data-e-type=\"widget\" data-widget_type=\"text-editor.default\">\n\t\t\t\t\t\t\t\t\t<p>Preguntas frecuentes<\/p>\t\t\t\t\t\t\t\t<\/div>\n\t\t\t\t<div class=\"elementor-element elementor-element-0c282be elementor-widget elementor-widget-heading\" data-id=\"0c282be\" data-element_type=\"widget\" data-e-type=\"widget\" data-widget_type=\"heading.default\">\n\t\t\t\t\t<h2 class=\"elementor-heading-title elementor-size-default\">Preguntas sobre seguros comerciales\n<\/h2>\t\t\t\t<\/div>\n\t\t\t\t<div class=\"elementor-element elementor-element-48ccd66 elementor-widget elementor-widget-text-editor\" data-id=\"48ccd66\" data-element_type=\"widget\" data-e-type=\"widget\" data-widget_type=\"text-editor.default\">\n\t\t\t\t\t\t\t\t\t<p>Hemos reunido respuestas a algunas de las preguntas m\u00e1s frecuentes de clientes como usted.<\/p>\t\t\t\t\t\t\t\t<\/div>\n\t\t\t\t<div class=\"elementor-element elementor-element-939afba elementor-widget__width-inherit elementor-widget elementor-widget-elementskit-accordion\" data-id=\"939afba\" data-element_type=\"widget\" data-e-type=\"widget\" data-widget_type=\"elementskit-accordion.default\">\n\t\t\t\t\t<div class=\"ekit-wid-con\" >\n        <div class=\"elementskit-accordion accoedion-primary\" id=\"accordion-6a05d6aa34c5b\">\n\n            \n                <div class=\"elementskit-card\">\n                    <div class=\"elementskit-card-header\" id=\"primaryHeading-0-939afba\">\n                        <a href=\"#collapse-810471d6a05d6aa34c5b\" class=\"ekit-accordion--toggler elementskit-btn-link collapsed\" data-ekit-toggle=\"collapse\" data-target=\"#Collapse-810471d6a05d6aa34c5b\" aria-expanded=\"false\" aria-controls=\"Collapse-810471d6a05d6aa34c5b\">\n                            \n                            <span class=\"ekit-accordion-title\">P: \u00bfQu\u00e9 tipo de empresas necesitan un seguro comercial?<\/span>\n\n                            \n                                <div class=\"ekit_accordion_icon_group\">\n                                    <div class=\"ekit_accordion_normal_icon\">\n                                        <!-- Normal Icon -->\n\t\t\t\t\t\t\t\t\t\t<i class=\"jki jki-down-arrow1-light\"><\/i>                                    <\/div>\n\n                                    <div class=\"ekit_accordion_active_icon\">\n                                        <!-- Active Icon -->\n\t\t\t\t\t\t\t\t\t\t<i class=\"jki jki-up-arrow1-light\"><\/i>                                    <\/div>\n                                <\/div>\n\n                            \n                                                    <\/a>\n                    <\/div>\n\n                    <div id=\"Collapse-810471d6a05d6aa34c5b\" class=\"collapse\" aria-labelledby=\"primaryHeading-0-939afba\" data-parent=\"#accordion-6a05d6aa34c5b\">\n\n                        <div class=\"elementskit-card-body ekit-accordion--content\">\n                            <p>Cualquier empresa -desde peque\u00f1os comercios a grandes corporaciones- puede beneficiarse de un seguro comercial. Tanto si tienes propiedades, como si atiendes a clientes o tienes empleados, esta cobertura te protege frente a los riesgos que podr\u00edan interrumpir tus operaciones o causarte p\u00e9rdidas econ\u00f3micas.<\/p>                        <\/div>\n\n                    <\/div>\n\n                <\/div><!-- .elementskit-card END -->\n\n                \n                <div class=\"elementskit-card active\">\n                    <div class=\"elementskit-card-header\" id=\"primaryHeading-1-939afba\">\n                        <a href=\"#collapse-a7ed73e6a05d6aa34c5b\" class=\"ekit-accordion--toggler elementskit-btn-link collapsed\" data-ekit-toggle=\"collapse\" data-target=\"#Collapse-a7ed73e6a05d6aa34c5b\" aria-expanded=\"true\" aria-controls=\"Collapse-a7ed73e6a05d6aa34c5b\">\n                            \n                            <span class=\"ekit-accordion-title\">P: \u00bfQu\u00e9 suele cubrir el seguro comercial?<\/span>\n\n                            \n                                <div class=\"ekit_accordion_icon_group\">\n                                    <div class=\"ekit_accordion_normal_icon\">\n                                        <!-- Normal Icon -->\n\t\t\t\t\t\t\t\t\t\t<i class=\"jki jki-down-arrow1-light\"><\/i>                                    <\/div>\n\n                                    <div class=\"ekit_accordion_active_icon\">\n                                        <!-- Active Icon -->\n\t\t\t\t\t\t\t\t\t\t<i class=\"jki jki-up-arrow1-light\"><\/i>                                    <\/div>\n                                <\/div>\n\n                            \n                                                    <\/a>\n                    <\/div>\n\n                    <div id=\"Collapse-a7ed73e6a05d6aa34c5b\" class=\"show collapse\" aria-labelledby=\"primaryHeading-1-939afba\" data-parent=\"#accordion-6a05d6aa34c5b\">\n\n                        <div class=\"elementskit-card-body ekit-accordion--content\">\n                            <p>El seguro comercial puede incluir protecci\u00f3n de la propiedad, responsabilidad civil general, interrupci\u00f3n de la actividad empresarial y coberturas especializadas en funci\u00f3n de su sector. Ayuda a salvaguardar sus activos, ingresos y reputaci\u00f3n frente a imprevistos.<\/p>                        <\/div>\n\n                    <\/div>\n\n                <\/div><!-- .elementskit-card END -->\n\n                \n                <div class=\"elementskit-card\">\n                    <div class=\"elementskit-card-header\" id=\"primaryHeading-2-939afba\">\n                        <a href=\"#collapse-4c03aa96a05d6aa34c5b\" class=\"ekit-accordion--toggler elementskit-btn-link collapsed\" data-ekit-toggle=\"collapse\" data-target=\"#Collapse-4c03aa96a05d6aa34c5b\" aria-expanded=\"false\" aria-controls=\"Collapse-4c03aa96a05d6aa34c5b\">\n                            \n                            <span class=\"ekit-accordion-title\">P: \u00bfEs obligatorio el seguro comercial?<\/span>\n\n                            \n                                <div class=\"ekit_accordion_icon_group\">\n                                    <div class=\"ekit_accordion_normal_icon\">\n                                        <!-- Normal Icon -->\n\t\t\t\t\t\t\t\t\t\t<i class=\"jki jki-down-arrow1-light\"><\/i>                                    <\/div>\n\n                                    <div class=\"ekit_accordion_active_icon\">\n                                        <!-- Active Icon -->\n\t\t\t\t\t\t\t\t\t\t<i class=\"jki jki-up-arrow1-light\"><\/i>                                    <\/div>\n                                <\/div>\n\n                            \n                                                    <\/a>\n                    <\/div>\n\n                    <div id=\"Collapse-4c03aa96a05d6aa34c5b\" class=\"collapse\" aria-labelledby=\"primaryHeading-2-939afba\" data-parent=\"#accordion-6a05d6aa34c5b\">\n\n                        <div class=\"elementskit-card-body ekit-accordion--content\">\n                            <p>Algunas coberturas, como la indemnizaci\u00f3n por accidentes laborales o el seguro de veh\u00edculos comerciales, pueden ser obligatorias por ley. Otras, como la responsabilidad civil general, no siempre son obligatorias, pero se recomiendan encarecidamente para proteger tu empresa de demandas o p\u00e9rdidas importantes.<\/p>                        <\/div>\n\n                    <\/div>\n\n                <\/div><!-- .elementskit-card END -->\n\n                                        <\/div>\n    <\/div>\t\t\t\t<\/div>\n\t\t\t\t\t<\/div>\n\t\t\t\t<\/div>\n\t\t\t\t<\/div>\n\t\t\t\t\t<\/div>\n\t\t\t\t<\/div>\n\t\t<div class=\"elementor-element elementor-element-cc4c5d1 e-flex e-con-boxed elementor-invisible e-con e-parent\" data-id=\"cc4c5d1\" data-element_type=\"container\" data-e-type=\"container\" data-settings=\"{&quot;background_background&quot;:&quot;classic&quot;,&quot;animation&quot;:&quot;pulse&quot;}\">\n\t\t\t\t\t<div class=\"e-con-inner\">\n\t\t<div class=\"elementor-element elementor-element-b708b15 e-con-full e-flex e-con e-child\" data-id=\"b708b15\" data-element_type=\"container\" data-e-type=\"container\">\n\t\t<div class=\"elementor-element elementor-element-d055935 e-flex e-con-boxed e-con e-child\" data-id=\"d055935\" data-element_type=\"container\" data-e-type=\"container\">\n\t\t\t\t\t<div class=\"e-con-inner\">\n\t\t\t\t<div class=\"elementor-element elementor-element-b4f691a elementor-widget elementor-widget-text-editor\" data-id=\"b4f691a\" data-element_type=\"widget\" data-e-type=\"widget\" data-widget_type=\"text-editor.default\">\n\t\t\t\t\t\t\t\t\t<p>Protegemos a ambos.<\/p>\t\t\t\t\t\t\t\t<\/div>\n\t\t\t\t\t<\/div>\n\t\t\t\t<\/div>\n\t\t\t\t<div class=\"elementor-element elementor-element-d23b436 elementor-widget elementor-widget-heading\" data-id=\"d23b436\" data-element_type=\"widget\" data-e-type=\"widget\" data-widget_type=\"heading.default\">\n\t\t\t\t\t<h2 class=\"elementor-heading-title elementor-size-default\">Seguros personalizados para contratistas, profesionales y empresarios.<\/h2>\t\t\t\t<\/div>\n\t\t\t\t<div class=\"elementor-element elementor-element-77029c2 elementor-mobile-align-center elementor-widget elementor-widget-button\" data-id=\"77029c2\" data-element_type=\"widget\" data-e-type=\"widget\" data-widget_type=\"button.default\">\n\t\t\t\t\t\t\t\t\t\t<a class=\"elementor-button elementor-button-link elementor-size-sm elementor-animation-float\" href=\"https:\/\/garitasinsurance.com\/es\/get-a-quote\/\">\n\t\t\t\t\t\t<span class=\"elementor-button-content-wrapper\">\n\t\t\t\t\t\t<span class=\"elementor-button-icon\">\n\t\t\t\t<i aria-hidden=\"true\" class=\"jki jki-arrow-right-solid\"><\/i>\t\t\t<\/span>\n\t\t\t\t\t\t\t\t\t<span class=\"elementor-button-text\">Empezar<\/span>\n\t\t\t\t\t<\/span>\n\t\t\t\t\t<\/a>\n\t\t\t\t\t\t\t\t<\/div>\n\t\t\t\t<\/div>\n\t\t\t\t\t<\/div>\n\t\t\t\t<\/div>\n\t\t\t\t<\/div>\n\t\t\n    <div class=\"xs_social_share_widget xs_share_url after_content \t\tmain_content  wslu-style-1 wslu-share-box-shaped wslu-fill-colored wslu-none wslu-share-horizontal wslu-theme-font-no wslu-main_content\">\n\n\t\t\n        <ul>\n\t\t\t        <\/ul>\n    <\/div>","protected":false},"excerpt":{"rendered":"<p>Commercial Insurance Duis aute irure dolor in reprehenderit in voluptate velit esse cillum pariaturnon proident aute irure. Home Commercial Insurance [&hellip;]<\/p>\n","protected":false},"author":1,"featured_media":0,"parent":0,"menu_order":0,"comment_status":"closed","ping_status":"closed","template":"elementor_header_footer","meta":{"om_disable_all_campaigns":false,"_monsterinsights_skip_tracking":false,"_monsterinsights_sitenote_active":false,"_monsterinsights_sitenote_note":"","_monsterinsights_sitenote_category":0,"site-sidebar-layout":"no-sidebar","site-content-layout":"","ast-site-content-layout":"full-width-container","site-content-style":"default","site-sidebar-style":"default","ast-global-header-display":"","ast-banner-title-visibility":"","ast-main-header-display":"","ast-hfb-above-header-display":"","ast-hfb-below-header-display":"","ast-hfb-mobile-header-display":"","site-post-title":"disabled","ast-breadcrumbs-content":"","ast-featured-img":"disabled","footer-sml-layout":"","ast-disable-related-posts":"","theme-transparent-header-meta":"","adv-header-id-meta":"","stick-header-meta":"","header-above-stick-meta":"","header-main-stick-meta":"","header-below-stick-meta":"","astra-migrate-meta-layouts":"default","ast-page-background-enabled":"default","ast-page-background-meta":{"desktop":{"background-color":"var(--ast-global-color-5)","background-image":"","background-repeat":"repeat","background-position":"center center","background-size":"auto","background-attachment":"scroll","background-type":"","background-media":"","overlay-type":"","overlay-color":"","overlay-opacity":"","overlay-gradient":""},"tablet":{"background-color":"","background-image":"","background-repeat":"repeat","background-position":"center center","background-size":"auto","background-attachment":"scroll","background-type":"","background-media":"","overlay-type":"","overlay-color":"","overlay-opacity":"","overlay-gradient":""},"mobile":{"background-color":"","background-image":"","background-repeat":"repeat","background-position":"center center","background-size":"auto","background-attachment":"scroll","background-type":"","background-media":"","overlay-type":"","overlay-color":"","overlay-opacity":"","overlay-gradient":""}},"ast-content-background-meta":{"desktop":{"background-color":"var(--ast-global-color-4)","background-image":"","background-repeat":"repeat","background-position":"center center","background-size":"auto","background-attachment":"scroll","background-type":"","background-media":"","overlay-type":"","overlay-color":"","overlay-opacity":"","overlay-gradient":""},"tablet":{"background-color":"var(--ast-global-color-4)","background-image":"","background-repeat":"repeat","background-position":"center center","background-size":"auto","background-attachment":"scroll","background-type":"","background-media":"","overlay-type":"","overlay-color":"","overlay-opacity":"","overlay-gradient":""},"mobile":{"background-color":"var(--ast-global-color-4)","background-image":"","background-repeat":"repeat","background-position":"center center","background-size":"auto","background-attachment":"scroll","background-type":"","background-media":"","overlay-type":"","overlay-color":"","overlay-opacity":"","overlay-gradient":""}},"footnotes":""},"class_list":["post-839","page","type-page","status-publish","hentry"],"aioseo_notices":[],"_links":{"self":[{"href":"https:\/\/garitasinsurance.com\/es\/wp-json\/wp\/v2\/pages\/839","targetHints":{"allow":["GET"]}}],"collection":[{"href":"https:\/\/garitasinsurance.com\/es\/wp-json\/wp\/v2\/pages"}],"about":[{"href":"https:\/\/garitasinsurance.com\/es\/wp-json\/wp\/v2\/types\/page"}],"author":[{"embeddable":true,"href":"https:\/\/garitasinsurance.com\/es\/wp-json\/wp\/v2\/users\/1"}],"replies":[{"embeddable":true,"href":"https:\/\/garitasinsurance.com\/es\/wp-json\/wp\/v2\/comments?post=839"}],"version-history":[{"count":31,"href":"https:\/\/garitasinsurance.com\/es\/wp-json\/wp\/v2\/pages\/839\/revisions"}],"predecessor-version":[{"id":1270,"href":"https:\/\/garitasinsurance.com\/es\/wp-json\/wp\/v2\/pages\/839\/revisions\/1270"}],"wp:attachment":[{"href":"https:\/\/garitasinsurance.com\/es\/wp-json\/wp\/v2\/media?parent=839"}],"curies":[{"name":"wp","href":"https:\/\/api.w.org\/{rel}","templated":true}]}}