{"id":959,"date":"2025-08-16T19:56:42","date_gmt":"2025-08-16T19:56:42","guid":{"rendered":"https:\/\/garitasinsurance.com\/?page_id=959"},"modified":"2025-08-26T16:54:17","modified_gmt":"2025-08-26T16:54:17","slug":"claims","status":"publish","type":"page","link":"https:\/\/garitasinsurance.com\/es\/claims\/","title":{"rendered":"Reclamaciones"},"content":{"rendered":"<div data-elementor-type=\"wp-page\" data-elementor-id=\"959\" class=\"elementor elementor-959\">\n\t\t\t\t<div class=\"elementor-element elementor-element-1b7af5da e-flex e-con-boxed e-con e-parent\" data-id=\"1b7af5da\" data-element_type=\"container\" data-e-type=\"container\" data-settings=\"{&quot;background_background&quot;:&quot;classic&quot;}\">\n\t\t\t\t\t<div class=\"e-con-inner\">\n\t\t\t\t<div class=\"elementor-element elementor-element-2187aebb elementor-widget elementor-widget-heading\" data-id=\"2187aebb\" data-element_type=\"widget\" data-e-type=\"widget\" data-widget_type=\"heading.default\">\n\t\t\t\t\t<h2 class=\"elementor-heading-title elementor-size-default\">Reclamaciones<\/h2>\t\t\t\t<\/div>\n\t\t\t\t<div class=\"elementor-element elementor-element-3f378662 elementor-widget elementor-widget-text-editor\" data-id=\"3f378662\" data-element_type=\"widget\" data-e-type=\"widget\" data-widget_type=\"text-editor.default\">\n\t\t\t\t\t\t\t\t\t<div class=\"well well-primary well-content\"><div class=\"container\"><div class=\"row\"><div class=\"col-md-10\"><div class=\"copy\">\u00bfTiene una reclamaci\u00f3n al seguro? No se preocupe y no se retrase.<\/div><\/div><\/div><\/div><\/div>\t\t\t\t\t\t\t\t<\/div>\n\t\t\t\t<div class=\"elementor-element elementor-element-147f877b elementor-icon-list--layout-inline elementor-list-item-link-full_width elementor-widget elementor-widget-icon-list\" data-id=\"147f877b\" data-element_type=\"widget\" data-e-type=\"widget\" data-widget_type=\"icon-list.default\">\n\t\t\t\t\t\t\t<ul class=\"elementor-icon-list-items elementor-inline-items\">\n\t\t\t\t\t\t\t<li class=\"elementor-icon-list-item elementor-inline-item\">\n\t\t\t\t\t\t\t\t\t\t\t<a href=\"https:\/\/garitasinsurance.com\/es\/home\/\">\n\n\t\t\t\t\t\t\t\t\t\t\t<span class=\"elementor-icon-list-text\">Inicio <\/span>\n\t\t\t\t\t\t\t\t\t\t\t<\/a>\n\t\t\t\t\t\t\t\t\t<\/li>\n\t\t\t\t\t\t\t\t<li class=\"elementor-icon-list-item elementor-inline-item\">\n\t\t\t\t\t\t\t\t\t\t\t<a href=\"https:\/\/garitasinsurance.com\/es\/pay-online\/\">\n\n\t\t\t\t\t\t\t\t\t\t\t\t<span class=\"elementor-icon-list-icon\">\n\t\t\t\t\t\t\t<i aria-hidden=\"true\" class=\"jki jki-arrow-right-solid\"><\/i>\t\t\t\t\t\t<\/span>\n\t\t\t\t\t\t\t\t\t\t<span class=\"elementor-icon-list-text\">Pague en l\u00ednea<\/span>\n\t\t\t\t\t\t\t\t\t\t\t<\/a>\n\t\t\t\t\t\t\t\t\t<\/li>\n\t\t\t\t\t\t<\/ul>\n\t\t\t\t\t\t<\/div>\n\t\t\t\t\t<\/div>\n\t\t\t\t<\/div>\n\t\t<div class=\"elementor-element elementor-element-23285886 e-flex e-con-boxed e-con e-parent\" data-id=\"23285886\" data-element_type=\"container\" data-e-type=\"container\">\n\t\t\t\t\t<div class=\"e-con-inner\">\n\t\t\t\t<div class=\"elementor-element elementor-element-6bf83ba0 elementor-invisible elementor-widget elementor-widget-heading\" data-id=\"6bf83ba0\" data-element_type=\"widget\" data-e-type=\"widget\" data-settings=\"{&quot;_animation&quot;:&quot;fadeIn&quot;}\" data-widget_type=\"heading.default\">\n\t\t\t\t\t<h2 class=\"elementor-heading-title elementor-size-default\">Contacto en caso de emergencia <\/h2>\t\t\t\t<\/div>\n\t\t\t\t<div class=\"elementor-element elementor-element-6e4ae732 elementor-invisible elementor-widget elementor-widget-heading\" data-id=\"6e4ae732\" data-element_type=\"widget\" data-e-type=\"widget\" data-settings=\"{&quot;_animation&quot;:&quot;zoomIn&quot;}\" data-widget_type=\"heading.default\">\n\t\t\t\t\t<h2 class=\"elementor-heading-title elementor-size-default\">N\u00fameros para reclamaciones de seguros\n<\/h2>\t\t\t\t<\/div>\n\t\t\t\t<div class=\"elementor-element elementor-element-dc6ce21 elementor-widget elementor-widget-text-editor\" data-id=\"dc6ce21\" data-element_type=\"widget\" data-e-type=\"widget\" data-widget_type=\"text-editor.default\">\n\t\t\t\t\t\t\t\t\t<p>En primer lugar, aseg\u00farate de que t\u00fa y tu familia est\u00e1is a salvo. Llama a los servicios de emergencia si alguien resulta herido o te sientes inseguro. Recoge los documentos de tu seguro y otra informaci\u00f3n relevante. Si necesitas ayuda inmediata, llama a Begin Insurance, o llama al n\u00famero de emergencias de tu compa\u00f1\u00eda de seguros que aparece m\u00e1s abajo si es fuera de horario.<\/p><p>Si no est\u00e1 seguro, ll\u00e1menos al\u00a0<a href=\"\/es\/905.851-1821\/\">905.851-1821<\/a>.<\/p>\t\t\t\t\t\t\t\t<\/div>\n\t\t<div class=\"elementor-element elementor-element-77bce6ff e-flex e-con-boxed elementor-invisible e-con e-child\" data-id=\"77bce6ff\" data-element_type=\"container\" data-e-type=\"container\" data-settings=\"{&quot;animation&quot;:&quot;pulse&quot;}\">\n\t\t\t\t\t<div class=\"e-con-inner\">\n\t\t<div class=\"elementor-element elementor-element-377f868d e-con-full e-flex e-con e-child\" data-id=\"377f868d\" data-element_type=\"container\" data-e-type=\"container\">\n\t\t\t\t<div class=\"elementor-element elementor-element-7414908 elementor-widget elementor-widget-image\" data-id=\"7414908\" data-element_type=\"widget\" data-e-type=\"widget\" data-widget_type=\"image.default\">\n\t\t\t\t\t\t\t\t\t\t\t\t<figure class=\"wp-caption\">\n\t\t\t\t\t\t\t\t\t\t<img decoding=\"async\" width=\"175\" height=\"70\" src=\"https:\/\/garitasinsurance.com\/wp-content\/uploads\/2025\/08\/Aviva-Insurance-logo.png\" class=\"elementor-animation-float attachment-full size-full wp-image-447\" alt=\"\" \/>\t\t\t\t\t\t\t\t\t\t\t<figcaption class=\"widget-image-caption wp-caption-text\"><br>Aviva Scottish &amp; York <br><a href=\"tel:18666928482\">1.866.692.8482<\/a><\/figcaption>\n\t\t\t\t\t\t\t\t\t\t<\/figure>\n\t\t\t\t\t\t\t\t\t<\/div>\n\t\t\t\t<\/div>\n\t\t<div class=\"elementor-element elementor-element-61f4b9f6 e-con-full e-flex e-con e-child\" data-id=\"61f4b9f6\" data-element_type=\"container\" data-e-type=\"container\">\n\t\t\t\t<div class=\"elementor-element elementor-element-14271024 elementor-widget elementor-widget-image\" data-id=\"14271024\" data-element_type=\"widget\" data-e-type=\"widget\" data-widget_type=\"image.default\">\n\t\t\t\t\t\t\t\t\t\t\t\t<figure class=\"wp-caption\">\n\t\t\t\t\t\t\t\t\t\t<img fetchpriority=\"high\" decoding=\"async\" width=\"400\" height=\"183\" src=\"https:\/\/garitasinsurance.com\/wp-content\/uploads\/2025\/08\/caalogo.webp\" class=\"elementor-animation-float attachment-full size-full wp-image-449\" alt=\"\" srcset=\"https:\/\/garitasinsurance.com\/wp-content\/uploads\/2025\/08\/caalogo.webp 400w, https:\/\/garitasinsurance.com\/wp-content\/uploads\/2025\/08\/caalogo-300x137.webp 300w\" sizes=\"(max-width: 400px) 100vw, 400px\" \/>\t\t\t\t\t\t\t\t\t\t\t<figcaption class=\"widget-image-caption wp-caption-text\">CAA Seguros <br><a href=\"tel:18003872656\">1 800 387 2656<\/a><\/figcaption>\n\t\t\t\t\t\t\t\t\t\t<\/figure>\n\t\t\t\t\t\t\t\t\t<\/div>\n\t\t\t\t<\/div>\n\t\t<div class=\"elementor-element elementor-element-38cb1ea8 e-con-full e-flex e-con e-child\" data-id=\"38cb1ea8\" data-element_type=\"container\" data-e-type=\"container\">\n\t\t\t\t<div class=\"elementor-element elementor-element-e8c0cac elementor-widget elementor-widget-image\" data-id=\"e8c0cac\" data-element_type=\"widget\" data-e-type=\"widget\" data-widget_type=\"image.default\">\n\t\t\t\t\t\t\t\t\t\t\t\t<figure class=\"wp-caption\">\n\t\t\t\t\t\t\t\t\t\t<img decoding=\"async\" width=\"466\" height=\"116\" src=\"https:\/\/garitasinsurance.com\/wp-content\/uploads\/2025\/08\/9bcb34d71c1b10cd6f979b0033a51abf@2x.png\" class=\"elementor-animation-float attachment-full size-full wp-image-464\" alt=\"\" srcset=\"https:\/\/garitasinsurance.com\/wp-content\/uploads\/2025\/08\/9bcb34d71c1b10cd6f979b0033a51abf@2x.png 466w, https:\/\/garitasinsurance.com\/wp-content\/uploads\/2025\/08\/9bcb34d71c1b10cd6f979b0033a51abf@2x-300x75.png 300w\" sizes=\"(max-width: 466px) 100vw, 466px\" \/>\t\t\t\t\t\t\t\t\t\t\t<figcaption class=\"widget-image-caption wp-caption-text\"><br>Seguros Coachman <br><a href=\"tel:18003612622\">1 800 361 2622<\/a><\/figcaption>\n\t\t\t\t\t\t\t\t\t\t<\/figure>\n\t\t\t\t\t\t\t\t\t<\/div>\n\t\t\t\t<\/div>\n\t\t<div class=\"elementor-element elementor-element-4470f03e e-con-full e-flex e-con e-child\" data-id=\"4470f03e\" data-element_type=\"container\" data-e-type=\"container\">\n\t\t\t\t<div class=\"elementor-element elementor-element-a5206c5 elementor-widget elementor-widget-image\" data-id=\"a5206c5\" data-element_type=\"widget\" data-e-type=\"widget\" data-widget_type=\"image.default\">\n\t\t\t\t\t\t\t\t\t\t\t\t<figure class=\"wp-caption\">\n\t\t\t\t\t\t\t\t\t\t<img loading=\"lazy\" decoding=\"async\" width=\"410\" height=\"142\" src=\"https:\/\/garitasinsurance.com\/wp-content\/uploads\/2025\/08\/9180e260318020fb75c683e58b704faf@2x.png\" class=\"elementor-animation-float attachment-full size-full wp-image-463\" alt=\"\" srcset=\"https:\/\/garitasinsurance.com\/wp-content\/uploads\/2025\/08\/9180e260318020fb75c683e58b704faf@2x.png 410w, https:\/\/garitasinsurance.com\/wp-content\/uploads\/2025\/08\/9180e260318020fb75c683e58b704faf@2x-300x104.png 300w\" sizes=\"(max-width: 410px) 100vw, 410px\" \/>\t\t\t\t\t\t\t\t\t\t\t<figcaption class=\"widget-image-caption wp-caption-text\"><br>Echelon Seguros <br><a href=\"tel:18662522854\">1 866 252 2854<\/a><\/figcaption>\n\t\t\t\t\t\t\t\t\t\t<\/figure>\n\t\t\t\t\t\t\t\t\t<\/div>\n\t\t\t\t<\/div>\n\t\t\t\t\t<\/div>\n\t\t\t\t<\/div>\n\t\t<div class=\"elementor-element elementor-element-65ae342 e-flex e-con-boxed elementor-invisible e-con e-child\" data-id=\"65ae342\" data-element_type=\"container\" data-e-type=\"container\" data-settings=\"{&quot;animation&quot;:&quot;fadeInDown&quot;}\">\n\t\t\t\t\t<div class=\"e-con-inner\">\n\t\t<div class=\"elementor-element elementor-element-2d82ceeb e-con-full e-flex e-con e-child\" data-id=\"2d82ceeb\" data-element_type=\"container\" data-e-type=\"container\">\n\t\t\t\t<div class=\"elementor-element elementor-element-29d02dc1 elementor-widget elementor-widget-image\" data-id=\"29d02dc1\" data-element_type=\"widget\" data-e-type=\"widget\" data-widget_type=\"image.default\">\n\t\t\t\t\t\t\t\t\t\t\t\t<figure class=\"wp-caption\">\n\t\t\t\t\t\t\t\t\t\t<img loading=\"lazy\" decoding=\"async\" width=\"200\" height=\"80\" src=\"https:\/\/garitasinsurance.com\/wp-content\/uploads\/2025\/08\/Economical-Insurance-logo.png\" class=\"elementor-animation-float attachment-full size-full wp-image-462\" alt=\"\" \/>\t\t\t\t\t\t\t\t\t\t\t<figcaption class=\"widget-image-caption wp-caption-text\"><br>Seguro econ\u00f3mico <br><a href=\"tel:18006072424\">1 800 607 2424<\/a><\/figcaption>\n\t\t\t\t\t\t\t\t\t\t<\/figure>\n\t\t\t\t\t\t\t\t\t<\/div>\n\t\t\t\t<\/div>\n\t\t<div class=\"elementor-element elementor-element-50ffbfcf e-con-full e-flex e-con e-child\" data-id=\"50ffbfcf\" data-element_type=\"container\" data-e-type=\"container\">\n\t\t\t\t<div class=\"elementor-element elementor-element-5fbe3a07 elementor-widget elementor-widget-image\" data-id=\"5fbe3a07\" data-element_type=\"widget\" data-e-type=\"widget\" data-widget_type=\"image.default\">\n\t\t\t\t\t\t\t\t\t\t\t\t<figure class=\"wp-caption\">\n\t\t\t\t\t\t\t\t\t\t<img loading=\"lazy\" decoding=\"async\" width=\"150\" height=\"75\" src=\"https:\/\/garitasinsurance.com\/wp-content\/uploads\/2025\/08\/Gore-Mutual.png\" class=\"elementor-animation-float attachment-full size-full wp-image-461\" alt=\"\" \/>\t\t\t\t\t\t\t\t\t\t\t<figcaption class=\"widget-image-caption wp-caption-text\">Mutua Gore <br><a href=\"tel:18002658600\">1 800 265 8600<\/a><\/figcaption>\n\t\t\t\t\t\t\t\t\t\t<\/figure>\n\t\t\t\t\t\t\t\t\t<\/div>\n\t\t\t\t<\/div>\n\t\t<div class=\"elementor-element elementor-element-479969b4 e-con-full e-flex e-con e-child\" data-id=\"479969b4\" data-element_type=\"container\" data-e-type=\"container\">\n\t\t\t\t<div class=\"elementor-element elementor-element-4fc29d85 elementor-widget elementor-widget-image\" data-id=\"4fc29d85\" data-element_type=\"widget\" data-e-type=\"widget\" data-widget_type=\"image.default\">\n\t\t\t\t\t\t\t\t\t\t\t\t<figure class=\"wp-caption\">\n\t\t\t\t\t\t\t\t\t\t<img loading=\"lazy\" decoding=\"async\" width=\"200\" height=\"80\" src=\"https:\/\/garitasinsurance.com\/wp-content\/uploads\/2025\/08\/Intact-Insurance-logo.png\" class=\"elementor-animation-float attachment-full size-full wp-image-460\" alt=\"\" \/>\t\t\t\t\t\t\t\t\t\t\t<figcaption class=\"widget-image-caption wp-caption-text\"><br>Seguro Intacto <br><a href=\"tel:18664642424\">1 866 464 2424<\/a><\/figcaption>\n\t\t\t\t\t\t\t\t\t\t<\/figure>\n\t\t\t\t\t\t\t\t\t<\/div>\n\t\t\t\t<\/div>\n\t\t<div class=\"elementor-element elementor-element-318ab48c e-con-full e-flex e-con e-child\" data-id=\"318ab48c\" data-element_type=\"container\" data-e-type=\"container\">\n\t\t\t\t<div class=\"elementor-element elementor-element-68823022 elementor-widget elementor-widget-image\" data-id=\"68823022\" data-element_type=\"widget\" data-e-type=\"widget\" data-widget_type=\"image.default\">\n\t\t\t\t\t\t\t\t\t\t\t\t<figure class=\"wp-caption\">\n\t\t\t\t\t\t\t\t\t\t<img loading=\"lazy\" decoding=\"async\" width=\"400\" height=\"160\" src=\"https:\/\/garitasinsurance.com\/wp-content\/uploads\/2025\/08\/max-insurance.png\" class=\"elementor-animation-float attachment-full size-full wp-image-459\" alt=\"\" srcset=\"https:\/\/garitasinsurance.com\/wp-content\/uploads\/2025\/08\/max-insurance.png 400w, https:\/\/garitasinsurance.com\/wp-content\/uploads\/2025\/08\/max-insurance-300x120.png 300w\" sizes=\"(max-width: 400px) 100vw, 400px\" \/>\t\t\t\t\t\t\t\t\t\t\t<figcaption class=\"widget-image-caption wp-caption-text\">Seguros MAX <br><a href=\"tel:18777707729\">1 877 770 7729<\/a><\/a><\/figcaption>\n\t\t\t\t\t\t\t\t\t\t<\/figure>\n\t\t\t\t\t\t\t\t\t<\/div>\n\t\t\t\t<\/div>\n\t\t\t\t\t<\/div>\n\t\t\t\t<\/div>\n\t\t<div class=\"elementor-element elementor-element-3f18d93 e-con-full e-flex elementor-invisible e-con e-child\" data-id=\"3f18d93\" data-element_type=\"container\" data-e-type=\"container\" data-settings=\"{&quot;animation&quot;:&quot;fadeInDown&quot;}\">\n\t\t<div class=\"elementor-element elementor-element-4dbc955 e-con-full e-flex e-con e-child\" data-id=\"4dbc955\" data-element_type=\"container\" data-e-type=\"container\">\n\t\t\t\t<div class=\"elementor-element elementor-element-221aaca elementor-widget elementor-widget-image\" data-id=\"221aaca\" data-element_type=\"widget\" data-e-type=\"widget\" data-widget_type=\"image.default\">\n\t\t\t\t\t\t\t\t\t\t\t\t<figure class=\"wp-caption\">\n\t\t\t\t\t\t\t\t\t\t<img loading=\"lazy\" decoding=\"async\" width=\"175\" height=\"70\" src=\"https:\/\/garitasinsurance.com\/wp-content\/uploads\/2025\/08\/Pafco-Insurance-logo.jpeg\" class=\"elementor-animation-float attachment-full size-full wp-image-458\" alt=\"\" \/>\t\t\t\t\t\t\t\t\t\t\t<figcaption class=\"widget-image-caption wp-caption-text\">Pafco Seguros <br><a href=\"tel:18003870462\">1 800 387 0462<\/a><\/figcaption>\n\t\t\t\t\t\t\t\t\t\t<\/figure>\n\t\t\t\t\t\t\t\t\t<\/div>\n\t\t\t\t<\/div>\n\t\t<div class=\"elementor-element elementor-element-db5c436 e-con-full e-flex e-con e-child\" data-id=\"db5c436\" data-element_type=\"container\" data-e-type=\"container\">\n\t\t\t\t<div class=\"elementor-element elementor-element-a2c998b elementor-widget elementor-widget-image\" data-id=\"a2c998b\" data-element_type=\"widget\" data-e-type=\"widget\" data-widget_type=\"image.default\">\n\t\t\t\t\t\t\t\t\t\t\t\t<figure class=\"wp-caption\">\n\t\t\t\t\t\t\t\t\t\t<img loading=\"lazy\" decoding=\"async\" width=\"175\" height=\"70\" src=\"https:\/\/garitasinsurance.com\/wp-content\/uploads\/2025\/08\/Pembridge-Insurance-logo.png\" class=\"elementor-animation-float attachment-full size-full wp-image-457\" alt=\"\" \/>\t\t\t\t\t\t\t\t\t\t\t<figcaption class=\"widget-image-caption wp-caption-text\">Seguros Pembridge <br><a href=\"tel:18003870462\">1 800 387 0462<\/a><\/figcaption>\n\t\t\t\t\t\t\t\t\t\t<\/figure>\n\t\t\t\t\t\t\t\t\t<\/div>\n\t\t\t\t<\/div>\n\t\t<div class=\"elementor-element elementor-element-aa639da e-con-full e-flex e-con e-child\" data-id=\"aa639da\" data-element_type=\"container\" data-e-type=\"container\">\n\t\t\t\t<div class=\"elementor-element elementor-element-3090d87 elementor-widget elementor-widget-image\" data-id=\"3090d87\" data-element_type=\"widget\" data-e-type=\"widget\" data-widget_type=\"image.default\">\n\t\t\t\t\t\t\t\t\t\t\t\t<figure class=\"wp-caption\">\n\t\t\t\t\t\t\t\t\t\t<img loading=\"lazy\" decoding=\"async\" width=\"150\" height=\"75\" src=\"https:\/\/garitasinsurance.com\/wp-content\/uploads\/2025\/08\/SGI-Logo.png\" class=\"elementor-animation-float attachment-full size-full wp-image-456\" alt=\"\" \/>\t\t\t\t\t\t\t\t\t\t\t<figcaption class=\"widget-image-caption wp-caption-text\">SGI Seguros Canad\u00e1 <br><a href=\"tel:18778448460\">1 877 844 8460<\/a><\/figcaption>\n\t\t\t\t\t\t\t\t\t\t<\/figure>\n\t\t\t\t\t\t\t\t\t<\/div>\n\t\t\t\t<\/div>\n\t\t<div class=\"elementor-element elementor-element-c9e098a e-con-full e-flex e-con e-child\" data-id=\"c9e098a\" data-element_type=\"container\" data-e-type=\"container\">\n\t\t\t\t<div class=\"elementor-element elementor-element-561bf15 elementor-widget elementor-widget-image\" data-id=\"561bf15\" data-element_type=\"widget\" data-e-type=\"widget\" data-widget_type=\"image.default\">\n\t\t\t\t\t\t\t\t\t\t\t\t<figure class=\"wp-caption\">\n\t\t\t\t\t\t\t\t\t\t<img loading=\"lazy\" decoding=\"async\" width=\"350\" height=\"140\" src=\"https:\/\/garitasinsurance.com\/wp-content\/uploads\/2025\/08\/Image-38@2x-1.png\" class=\"elementor-animation-float attachment-full size-full wp-image-455\" alt=\"\" srcset=\"https:\/\/garitasinsurance.com\/wp-content\/uploads\/2025\/08\/Image-38@2x-1.png 350w, https:\/\/garitasinsurance.com\/wp-content\/uploads\/2025\/08\/Image-38@2x-1-300x120.png 300w\" sizes=\"(max-width: 350px) 100vw, 350px\" \/>\t\t\t\t\t\t\t\t\t\t\t<figcaption class=\"widget-image-caption wp-caption-text\">Seguros Travelers <br><a href=\"tel:18006615522\">1 800 661 5522<\/a><\/figcaption>\n\t\t\t\t\t\t\t\t\t\t<\/figure>\n\t\t\t\t\t\t\t\t\t<\/div>\n\t\t\t\t<\/div>\n\t\t\t\t<\/div>\n\t\t<div class=\"elementor-element elementor-element-336d999 e-con-full e-flex elementor-invisible e-con e-child\" data-id=\"336d999\" data-element_type=\"container\" data-e-type=\"container\" data-settings=\"{&quot;animation&quot;:&quot;fadeInDown&quot;}\">\n\t\t<div class=\"elementor-element elementor-element-edcb75a e-con-full e-flex e-con e-child\" data-id=\"edcb75a\" data-element_type=\"container\" data-e-type=\"container\">\n\t\t\t\t<div class=\"elementor-element elementor-element-2ca2fbe elementor-widget elementor-widget-image\" data-id=\"2ca2fbe\" data-element_type=\"widget\" data-e-type=\"widget\" data-widget_type=\"image.default\">\n\t\t\t\t\t\t\t\t\t\t\t\t<figure class=\"wp-caption\">\n\t\t\t\t\t\t\t\t\t\t<img loading=\"lazy\" decoding=\"async\" width=\"400\" height=\"200\" src=\"https:\/\/garitasinsurance.com\/wp-content\/uploads\/2025\/08\/usli-logo-2x-1.png\" class=\"elementor-animation-float attachment-full size-full wp-image-454\" alt=\"\" srcset=\"https:\/\/garitasinsurance.com\/wp-content\/uploads\/2025\/08\/usli-logo-2x-1.png 400w, https:\/\/garitasinsurance.com\/wp-content\/uploads\/2025\/08\/usli-logo-2x-1-300x150.png 300w\" sizes=\"(max-width: 400px) 100vw, 400px\" \/>\t\t\t\t\t\t\t\t\t\t\t<figcaption class=\"widget-image-caption wp-caption-text\">USLI <br><a href=\"tel:18885235545\">1 888 523 5545<\/a><\/figcaption>\n\t\t\t\t\t\t\t\t\t\t<\/figure>\n\t\t\t\t\t\t\t\t\t<\/div>\n\t\t\t\t<\/div>\n\t\t<div class=\"elementor-element elementor-element-db0a003 e-con-full e-flex e-con e-child\" data-id=\"db0a003\" data-element_type=\"container\" data-e-type=\"container\">\n\t\t\t\t<div class=\"elementor-element elementor-element-9b2adad elementor-widget elementor-widget-image\" data-id=\"9b2adad\" data-element_type=\"widget\" data-e-type=\"widget\" data-widget_type=\"image.default\">\n\t\t\t\t\t\t\t\t\t\t\t\t<figure class=\"wp-caption\">\n\t\t\t\t\t\t\t\t\t\t<img loading=\"lazy\" decoding=\"async\" width=\"175\" height=\"70\" src=\"https:\/\/garitasinsurance.com\/wp-content\/uploads\/2025\/08\/Wawanesa_Insurance.jpeg\" class=\"elementor-animation-float attachment-full size-full wp-image-453\" alt=\"\" \/>\t\t\t\t\t\t\t\t\t\t\t<figcaption class=\"widget-image-caption wp-caption-text\">Seguros Wawanesa <br><a href=\"tel:8006402920\">1 800 640 2920<\/a><\/figcaption>\n\t\t\t\t\t\t\t\t\t\t<\/figure>\n\t\t\t\t\t\t\t\t\t<\/div>\n\t\t\t\t<\/div>\n\t\t<div class=\"elementor-element elementor-element-ff4ba37 e-con-full e-flex e-con e-child\" data-id=\"ff4ba37\" data-element_type=\"container\" data-e-type=\"container\">\n\t\t\t\t<\/div>\n\t\t<div class=\"elementor-element elementor-element-d733c23 e-con-full e-flex e-con e-child\" data-id=\"d733c23\" data-element_type=\"container\" data-e-type=\"container\">\n\t\t\t\t<\/div>\n\t\t\t\t<\/div>\n\t\t\t\t<div class=\"elementor-element elementor-element-4b9500a elementor-mobile-align-center elementor-align-center elementor-widget__width-inherit elementor-widget elementor-widget-button\" data-id=\"4b9500a\" data-element_type=\"widget\" data-e-type=\"widget\" data-widget_type=\"button.default\">\n\t\t\t\t\t\t\t\t\t\t<a class=\"elementor-button elementor-button-link elementor-size-sm elementor-animation-float\" href=\"https:\/\/garitasinsurance.com\/es\/what-to-do-after-a-car-accident\/\">\n\t\t\t\t\t\t<span class=\"elementor-button-content-wrapper\">\n\t\t\t\t\t\t<span class=\"elementor-button-icon\">\n\t\t\t\t<i aria-hidden=\"true\" class=\"jki jki-arrow-right-solid\"><\/i>\t\t\t<\/span>\n\t\t\t\t\t\t\t\t\t<span class=\"elementor-button-text\">Qu\u00e9 hacer tras un accidente de tr\u00e1fico<\/span>\n\t\t\t\t\t<\/span>\n\t\t\t\t\t<\/a>\n\t\t\t\t\t\t\t\t<\/div>\n\t\t\t\t\t<\/div>\n\t\t\t\t<\/div>\n\t\t\t\t<\/div>\n\t\t\n    <div class=\"xs_social_share_widget xs_share_url after_content \t\tmain_content  wslu-style-1 wslu-share-box-shaped wslu-fill-colored wslu-none wslu-share-horizontal wslu-theme-font-no wslu-main_content\">\n\n\t\t\n        <ul>\n\t\t\t        <\/ul>\n    <\/div>","protected":false},"excerpt":{"rendered":"<p>Claims Have an insurance claim? Don\u2019t worry and don\u2019t delay. Home Pay Online Emergency Contact Numbers for Insurance Claims First, [&hellip;]<\/p>\n","protected":false},"author":1,"featured_media":0,"parent":0,"menu_order":0,"comment_status":"closed","ping_status":"closed","template":"elementor_header_footer","meta":{"om_disable_all_campaigns":false,"_monsterinsights_skip_tracking":false,"_monsterinsights_sitenote_active":false,"_monsterinsights_sitenote_note":"","_monsterinsights_sitenote_category":0,"site-sidebar-layout":"no-sidebar","site-content-layout":"","ast-site-content-layout":"full-width-container","site-content-style":"default","site-sidebar-style":"default","ast-global-header-display":"","ast-banner-title-visibility":"","ast-main-header-display":"","ast-hfb-above-header-display":"","ast-hfb-below-header-display":"","ast-hfb-mobile-header-display":"","site-post-title":"disabled","ast-breadcrumbs-content":"","ast-featured-img":"disabled","footer-sml-layout":"","ast-disable-related-posts":"","theme-transparent-header-meta":"","adv-header-id-meta":"","stick-header-meta":"","header-above-stick-meta":"","header-main-stick-meta":"","header-below-stick-meta":"","astra-migrate-meta-layouts":"default","ast-page-background-enabled":"default","ast-page-background-meta":{"desktop":{"background-color":"var(--ast-global-color-5)","background-image":"","background-repeat":"repeat","background-position":"center center","background-size":"auto","background-attachment":"scroll","background-type":"","background-media":"","overlay-type":"","overlay-color":"","overlay-opacity":"","overlay-gradient":""},"tablet":{"background-color":"","background-image":"","background-repeat":"repeat","background-position":"center center","background-size":"auto","background-attachment":"scroll","background-type":"","background-media":"","overlay-type":"","overlay-color":"","overlay-opacity":"","overlay-gradient":""},"mobile":{"background-color":"","background-image":"","background-repeat":"repeat","background-position":"center center","background-size":"auto","background-attachment":"scroll","background-type":"","background-media":"","overlay-type":"","overlay-color":"","overlay-opacity":"","overlay-gradient":""}},"ast-content-background-meta":{"desktop":{"background-color":"var(--ast-global-color-4)","background-image":"","background-repeat":"repeat","background-position":"center center","background-size":"auto","background-attachment":"scroll","background-type":"","background-media":"","overlay-type":"","overlay-color":"","overlay-opacity":"","overlay-gradient":""},"tablet":{"background-color":"var(--ast-global-color-4)","background-image":"","background-repeat":"repeat","background-position":"center center","background-size":"auto","background-attachment":"scroll","background-type":"","background-media":"","overlay-type":"","overlay-color":"","overlay-opacity":"","overlay-gradient":""},"mobile":{"background-color":"var(--ast-global-color-4)","background-image":"","background-repeat":"repeat","background-position":"center center","background-size":"auto","background-attachment":"scroll","background-type":"","background-media":"","overlay-type":"","overlay-color":"","overlay-opacity":"","overlay-gradient":""}},"footnotes":""},"class_list":["post-959","page","type-page","status-publish","hentry"],"aioseo_notices":[],"_links":{"self":[{"href":"https:\/\/garitasinsurance.com\/es\/wp-json\/wp\/v2\/pages\/959","targetHints":{"allow":["GET"]}}],"collection":[{"href":"https:\/\/garitasinsurance.com\/es\/wp-json\/wp\/v2\/pages"}],"about":[{"href":"https:\/\/garitasinsurance.com\/es\/wp-json\/wp\/v2\/types\/page"}],"author":[{"embeddable":true,"href":"https:\/\/garitasinsurance.com\/es\/wp-json\/wp\/v2\/users\/1"}],"replies":[{"embeddable":true,"href":"https:\/\/garitasinsurance.com\/es\/wp-json\/wp\/v2\/comments?post=959"}],"version-history":[{"count":31,"href":"https:\/\/garitasinsurance.com\/es\/wp-json\/wp\/v2\/pages\/959\/revisions"}],"predecessor-version":[{"id":1741,"href":"https:\/\/garitasinsurance.com\/es\/wp-json\/wp\/v2\/pages\/959\/revisions\/1741"}],"wp:attachment":[{"href":"https:\/\/garitasinsurance.com\/es\/wp-json\/wp\/v2\/media?parent=959"}],"curies":[{"name":"wp","href":"https:\/\/api.w.org\/{rel}","templated":true}]}}